{"id":1706,"date":"2021-07-11T11:55:18","date_gmt":"2021-07-11T11:55:18","guid":{"rendered":"https:\/\/poliresinco.com\/?page_id=1706"},"modified":"2022-03-12T12:44:33","modified_gmt":"2022-03-12T13:44:33","slug":"service","status":"publish","type":"page","link":"https:\/\/kaharresin.com\/tr\/service\/","title":{"rendered":"Hizmetler"},"content":{"rendered":"<div data-elementor-type=\"wp-page\" data-elementor-id=\"1706\" class=\"elementor elementor-1706\" data-elementor-post-type=\"page\">\n\t\t\t\t\t\t<section class=\"elementor-section elementor-top-section elementor-element elementor-element-608f1301 elementor-section-boxed elementor-section-height-default elementor-section-height-default\" data-id=\"608f1301\" data-element_type=\"section\" data-e-type=\"section\">\n\t\t\t\t\t\t<div class=\"elementor-container elementor-column-gap-default\">\n\t\t\t\t\t<div class=\"elementor-column elementor-col-100 elementor-top-column elementor-element elementor-element-4f0dfd93\" data-id=\"4f0dfd93\" data-element_type=\"column\" data-e-type=\"column\">\n\t\t\t<div class=\"elementor-widget-wrap elementor-element-populated\">\n\t\t\t\t\t\t<div class=\"elementor-element elementor-element-d899e0a elementor-widget elementor-widget-cz_title\" data-id=\"d899e0a\" data-element_type=\"widget\" data-e-type=\"widget\" data-widget_type=\"cz_title.default\">\n\t\t\t\t<div class=\"elementor-widget-container\">\n\t\t\t\t\t\t\r\n\t\t<div>\r\n\t\t\t<div class=\"cz_title clr cz_smart_fs cz_title_pos_inline tac\"><div class=\"cz_title_shape shape_image cz_shape_1\"><img decoding=\"async\" width=\"140\" height=\"106\" src=\"data:image\/svg+xml,%3Csvg%20xmlns%3D&#39;http%3A%2F%2Fwww.w3.org%2F2000%2Fsvg&#39;%20width=&#39;140&#39;%20height=&#39;106&#39;%20viewBox%3D&#39;0%200%20140%20106&#39;%2F%3E\" data-czlz data-src=\"https:\/\/kaharresin.com\/wp-content\/uploads\/2022\/03\/logo-mark-1.png\" class=\"attachment-full size-full wp-image-2060\" alt=\"\" \/><\/div><div class=\"cz_title_content\"><div class=\"cz_wpe_content\"><p style=\"text-align: center\"><span style=\"font-size: 18px;color: #666666\">Ger\u00e7ek d\u00fcnyada yapt\u0131klar\u0131m\u0131z\u2026<\/span><\/p>\n\n<h3 style=\"line-height: 1.3;text-align: center\"><span style=\"font-size: 38px\">\u00f6zetinin incelenmesi <span style=\"color: #042e69\">Hizmetlerimizin<\/span><\/span><\/h3>\n<\/div><\/div><\/div>\r\n\t\t<\/div>\r\n\t\t\r\n\t\t\t\t\t\t<\/div>\n\t\t\t\t<\/div>\n\t\t\t\t\t<\/div>\n\t\t<\/div>\n\t\t\t\t\t<\/div>\n\t\t<\/section>\n\t\t\t\t<section class=\"elementor-section elementor-top-section elementor-element elementor-element-5b74c0f8 elementor-section-boxed elementor-section-height-default elementor-section-height-default\" data-id=\"5b74c0f8\" data-element_type=\"section\" data-e-type=\"section\">\n\t\t\t\t\t\t<div class=\"elementor-container elementor-column-gap-default\">\n\t\t\t\t\t<div class=\"elementor-column elementor-col-33 elementor-top-column elementor-element elementor-element-79af5ab0\" data-id=\"79af5ab0\" data-element_type=\"column\" data-e-type=\"column\">\n\t\t\t<div class=\"elementor-widget-wrap elementor-element-populated\">\n\t\t\t\t\t\t<div class=\"elementor-element elementor-element-2779c6e3 elementor-widget elementor-widget-cz_service_box\" data-id=\"2779c6e3\" data-element_type=\"widget\" data-e-type=\"widget\" data-widget_type=\"cz_service_box.default\">\n\t\t\t\t<div class=\"elementor-widget-container\">\n\t\t\t\t\t<div class=\"fx_zoom_0_hover\"><div class=\"services clr style1 cz_sbi_fx_10 services_b\"><div class=\"service_custom\"><i class=\"czi czico-067-truck\"><\/i><\/div><div class=\"service_text\"><h3>\u00dccretsiz \u00f6rnek g\u00f6nderilmesi<\/h3><div class=\"cz_wpe_content\">De\u011ferli m\u00fc\u015fterilerimiz, sat\u0131\u015f uzmanlar\u0131m\u0131zdan \u00fccretsiz \u00f6rnek talep ederek Bushehr Kimyasal Sanayiler \u015firketinin \u00fcretim \u00fcr\u00fcnlerinin kalitesini  \u015feffafl\u0131k, dayan\u0131kl\u0131l\u0131k, fiyat, nakliye ko\u015fullar\u0131 vs a\u00e7\u0131s\u0131ndan k\u0131yaslay\u0131p g\u00fcvenli bir se\u00e7im yapabilirler.\n\n<\/div><\/div><\/div><\/div>\t\t\t\t<\/div>\n\t\t\t\t<\/div>\n\t\t\t\t\t<\/div>\n\t\t<\/div>\n\t\t\t\t<div class=\"elementor-column elementor-col-33 elementor-top-column elementor-element elementor-element-39bef8c7\" data-id=\"39bef8c7\" data-element_type=\"column\" data-e-type=\"column\">\n\t\t\t<div class=\"elementor-widget-wrap elementor-element-populated\">\n\t\t\t\t\t\t<div class=\"elementor-element elementor-element-55f7c8f9 elementor-widget elementor-widget-cz_service_box\" data-id=\"55f7c8f9\" data-element_type=\"widget\" data-e-type=\"widget\" data-widget_type=\"cz_service_box.default\">\n\t\t\t\t<div class=\"elementor-widget-container\">\n\t\t\t\t\t<div class=\"fx_zoom_0_hover\"><div class=\"services clr style1 cz_sbi_fx_10 services_b\"><div class=\"service_custom\"><i class=\"czi czico-008-chat-2\"><\/i><\/div><div class=\"service_text\"><h3>Online yan\u0131tlama<\/h3><div class=\"cz_wpe_content\">Sat\u0131\u015f dan\u0131\u015fmanlar\u0131, e\u011fitimli teknik uzmanlardan olu\u015fan profesyonel ekibimiz sorular\u0131n\u0131z\u0131 yan\u0131tlamaya haz\u0131rd\u0131r.\n\n<\/div><\/div><\/div><\/div>\t\t\t\t<\/div>\n\t\t\t\t<\/div>\n\t\t\t\t\t<\/div>\n\t\t<\/div>\n\t\t\t\t<div class=\"elementor-column elementor-col-33 elementor-top-column elementor-element elementor-element-65947071\" data-id=\"65947071\" data-element_type=\"column\" data-e-type=\"column\">\n\t\t\t<div class=\"elementor-widget-wrap elementor-element-populated\">\n\t\t\t\t\t\t<div class=\"elementor-element elementor-element-5cf7e65 elementor-widget elementor-widget-cz_service_box\" data-id=\"5cf7e65\" data-element_type=\"widget\" data-e-type=\"widget\" data-widget_type=\"cz_service_box.default\">\n\t\t\t\t<div class=\"elementor-widget-container\">\n\t\t\t\t\t<div class=\"fx_zoom_0_hover\"><div class=\"services clr style1 cz_sbi_fx_10 services_b\"><div class=\"service_custom\"><i class=\"czi czico-Brand-Digikala-USPs-Monocolor-BestPrice\"><\/i><\/div><div class=\"service_text\"><h3>Fiyat do\u011fru<\/h3><div class=\"cz_wpe_content\">\u00c7e\u015fitli poliester re\u00e7ine ve jelkot al\u0131m sat\u0131m\u0131 alan\u0131nda al\u0131c\u0131lar\u0131n ve sekt\u00f6r sahiplerinin en \u00f6nemli endi\u015felerinden biri de kimyasal malzemelerin fiyat dalgalanmalar\u0131 ve ayr\u0131ca piyasan\u0131n stabil olmamas\u0131d\u0131r.Bushehr Kimyasal Sanayiler \u015firketinin sat\u0131\u015f uzmanlar\u0131 m\u00fc\u015fteriye hizmet sunmaya odaklanarak, \u00e7e\u015fitli doymam\u0131\u015f poliester re\u00e7ineleri en uygun fiyata sunmay\u0131 hedefleri olarak belirlemi\u015ftir.\n\n<\/div><\/div><\/div><\/div>\t\t\t\t<\/div>\n\t\t\t\t<\/div>\n\t\t\t\t\t<\/div>\n\t\t<\/div>\n\t\t\t\t\t<\/div>\n\t\t<\/section>\n\t\t\t\t<section class=\"elementor-section elementor-top-section elementor-element elementor-element-140950f9 elementor-section-boxed elementor-section-height-default elementor-section-height-default\" data-id=\"140950f9\" data-element_type=\"section\" data-e-type=\"section\">\n\t\t\t\t\t\t<div class=\"elementor-container elementor-column-gap-default\">\n\t\t\t\t\t<div class=\"elementor-column elementor-col-50 elementor-top-column elementor-element elementor-element-4a77053a\" data-id=\"4a77053a\" data-element_type=\"column\" data-e-type=\"column\">\n\t\t\t<div class=\"elementor-widget-wrap elementor-element-populated\">\n\t\t\t\t\t\t<div class=\"elementor-element elementor-element-f1bfc00 elementor-widget elementor-widget-cz_service_box\" data-id=\"f1bfc00\" data-element_type=\"widget\" data-e-type=\"widget\" data-widget_type=\"cz_service_box.default\">\n\t\t\t\t<div class=\"elementor-widget-container\">\n\t\t\t\t\t<div class=\"fx_zoom_0_hover\"><div class=\"services clr style1 cz_sbi_fx_10 services_b\"><div class=\"service_custom\"><i class=\"czi czico-Brand-Digikala-USPs-Monocolor-OriginalPruduct\"><\/i><\/div><div class=\"service_text\"><h3>Kalite ve \u00fcr\u00fcn asaleti<\/h3><div class=\"cz_wpe_content\">\u00c7e\u015fitli kimyasal maddeler \u00fcretimi alan\u0131nda, \u00e7e\u015fitli doymam\u0131\u015f poliester re\u00e7ine ve jelkot \u00fcretimi konusunda de\u011fi\u015fik \u015firketler ve fabrikalar\u0131n bulunmas\u0131 g\u00f6z \u00f6n\u00fcne al\u0131nd\u0131\u011f\u0131nda, her zaman \u00fcretilen re\u00e7ine kaliteleri ve \u00f6zellikleri aras\u0131nda fark bulunmu\u015ftur.\nRe\u00e7ine al\u0131m sat\u0131m pazar\u0131ndaki \u00fcz\u00fcc\u00fc konu \u015fu ki  al\u0131c\u0131lar defalarca sat\u0131n alma i\u015fleminden sonra sat\u0131c\u0131n\u0131n iddia etti\u011fi konunun ve sat\u0131n ald\u0131klar\u0131 re\u00e7inenin ger\u00e7ek \u00f6zellikleri aras\u0131nda uyu\u015fmazl\u0131k olmad\u0131\u011f\u0131n\u0131 fark ederler.\nUzmanlar\u0131m\u0131z Bushehr Kimyasal Sanayiler \u015firketinin merkez ofisinde her zaman m\u00fc\u015fterinin istedi\u011fi re\u00e7ine \u00f6zellikleri konusunda m\u00fc\u015fteriye asil ve ge\u00e7erli bilgiler sunmaya \u00e7aba sarfetmektedir.\nBushehr Kimyasal Sanayiler \u015firketinin t\u00fcm \u00fcr\u00fcnleri veri sayfas\u0131na sahiptir.\n\n<\/div><\/div><\/div><\/div>\t\t\t\t<\/div>\n\t\t\t\t<\/div>\n\t\t\t\t\t<\/div>\n\t\t<\/div>\n\t\t\t\t<div class=\"elementor-column elementor-col-50 elementor-top-column elementor-element elementor-element-24a51764\" data-id=\"24a51764\" data-element_type=\"column\" data-e-type=\"column\">\n\t\t\t<div class=\"elementor-widget-wrap elementor-element-populated\">\n\t\t\t\t\t\t<div class=\"elementor-element elementor-element-7ad1b3f9 elementor-widget elementor-widget-cz_service_box\" data-id=\"7ad1b3f9\" data-element_type=\"widget\" data-e-type=\"widget\" data-widget_type=\"cz_service_box.default\">\n\t\t\t\t<div class=\"elementor-widget-container\">\n\t\t\t\t\t<div class=\"fx_zoom_0_hover\"><div class=\"services clr style1 cz_sbi_fx_10 services_b\"><div class=\"service_custom\"><i class=\"czi czico-083-rocket-ship\"><\/i><\/div><div class=\"service_text\"><h3>H\u0131zl\u0131 ve anl\u0131k teslim<\/h3><div class=\"cz_wpe_content\">Re\u00e7ine al\u0131m sat\u0131m pazar\u0131nda, sat\u0131c\u0131 taraf\u0131ndan sat\u0131n ald\u0131klar\u0131 y\u00fck ve re\u00e7inenin h\u0131zl\u0131 teslim edilmemesi konusunda \u015fikayeti olan al\u0131c\u0131lara her zaman \u015fahit olmu\u015fuzdur.\nAyr\u0131ca y\u00fck\u00fcn idari ve resmi i\u015flemleri ve sevk edilmesi her zaman bir\u00e7ok sorunla beraber ger\u00e7ekle\u015fen bir i\u015flem olmu\u015ftur.\nBushehr Kimyasal Sanayiler \u015firketinin uzmanlar\u0131 bu sorunu ciddi bir \u015fekilde \u00e7\u00f6zm\u00fc\u015fler ve siz sat\u0131n ald\u0131\u011f\u0131n\u0131z y\u00fck\u00fcn h\u0131zl\u0131 teslimi konusunda tamamen emin olabilirsiniz.\nSadece Bushehr Kimyasal Sanayiler \u015firketinden al\u0131\u015fveri\u015fi denemeniz yeterli.\n\n<\/div><\/div><\/div><\/div>\t\t\t\t<\/div>\n\t\t\t\t<\/div>\n\t\t\t\t\t<\/div>\n\t\t<\/div>\n\t\t\t\t\t<\/div>\n\t\t<\/section>\n\t\t\t\t<section class=\"elementor-section elementor-top-section elementor-element elementor-element-520d3b2e elementor-section-full_width elementor-section-stretched elementor-section-height-default elementor-section-height-default\" data-id=\"520d3b2e\" data-element_type=\"section\" data-e-type=\"section\" data-settings=\"{&quot;stretch_section&quot;:&quot;section-stretched&quot;,&quot;background_background&quot;:&quot;classic&quot;}\">\n\t\t\t\t\t\t<div class=\"elementor-container elementor-column-gap-default\">\n\t\t\t\t\t<div class=\"elementor-column elementor-col-100 elementor-top-column elementor-element elementor-element-5a55e069\" data-id=\"5a55e069\" data-element_type=\"column\" data-e-type=\"column\">\n\t\t\t<div class=\"elementor-widget-wrap elementor-element-populated\">\n\t\t\t\t\t\t<div class=\"elementor-element elementor-element-ba682f3 elementor-widget elementor-widget-cz_particles\" data-id=\"ba682f3\" data-element_type=\"widget\" data-e-type=\"widget\" data-widget_type=\"cz_particles.default\">\n\t\t\t\t<div class=\"elementor-widget-container\">\n\t\t\t\t\t<div id=\"xtra-4135\" class=\"cz-particles\"><div class=\"row clr\"><style>.elementor-2287 .elementor-element.elementor-element-de54cae > .elementor-element-populated{margin:150px 0px 0px 0px;--e-column-margin-right:0px;--e-column-margin-left:0px;}.elementor-2287 .elementor-element.elementor-element-6832b545 .cz_title .cz_title_content{padding-right:20px;}.elementor-2287 .elementor-element.elementor-element-6832b545 .cz_title .cz_shape_1{width:70px;margin-top:-38px;}.elementor-2287 .elementor-element.elementor-element-416c8e2a .cz_gap{height:30px;}.elementor-2287 .elementor-element.elementor-element-14938e58 .cz_btn,.elementor-2287 .elementor-element.elementor-element-14938e58 .cz_btn:before{font-size:18px;color:#042e69;background-color:#ffffff;border-radius:0px;}.elementor-2287 .elementor-element.elementor-element-14938e58 .cz_btn:hover,.elementor-2287 .elementor-element.elementor-element-14938e58 .cz_btn:after{color:#042e69;background-color:#ffeb3b;}@media(max-width:1024px){.elementor-2287 .elementor-element.elementor-element-6832b545 .cz_title .cz_title_content{margin-bottom:60px;}}@media(max-width:767px){.elementor-2287 .elementor-element.elementor-element-de54cae > .elementor-element-populated{margin:65px 0px 0px 0px;--e-column-margin-right:0px;--e-column-margin-left:0px;}.elementor-2287 .elementor-element.elementor-element-14938e58 .cz_btn,.elementor-2287 .elementor-element.elementor-element-14938e58 .cz_btn:before{font-size:12px;}}<\/style>\t\t<div data-elementor-type=\"page\" data-elementor-id=\"2287\" class=\"elementor elementor-2287\" data-elementor-post-type=\"elementor_library\">\n\t\t\t\t\t\t<section class=\"elementor-section elementor-top-section elementor-element elementor-element-2b18c125 elementor-section-boxed elementor-section-height-default elementor-section-height-default\" data-id=\"2b18c125\" data-element_type=\"section\" data-e-type=\"section\">\n\t\t\t\t\t\t<div class=\"elementor-container elementor-column-gap-default\">\n\t\t\t\t\t<div class=\"elementor-column elementor-col-100 elementor-top-column elementor-element elementor-element-de54cae\" data-id=\"de54cae\" data-element_type=\"column\" data-e-type=\"column\">\n\t\t\t<div class=\"elementor-widget-wrap elementor-element-populated\">\n\t\t\t\t\t\t<div class=\"elementor-element elementor-element-6832b545 elementor-widget elementor-widget-cz_title\" data-id=\"6832b545\" data-element_type=\"widget\" data-e-type=\"widget\" data-widget_type=\"cz_title.default\">\n\t\t\t\t<div class=\"elementor-widget-container\">\n\t\t\t\t\t\t\r\n\t\t<div>\r\n\t\t\t<div class=\"cz_title clr cz_smart_fs cz_title_pos_inline tac\"><div class=\"cz_title_shape shape_image cz_shape_1\"><img decoding=\"async\" width=\"140\" height=\"106\" src=\"data:image\/svg+xml,%3Csvg%20xmlns%3D&#39;http%3A%2F%2Fwww.w3.org%2F2000%2Fsvg&#39;%20width=&#39;140&#39;%20height=&#39;106&#39;%20viewBox%3D&#39;0%200%20140%20106&#39;%2F%3E\" data-czlz data-src=\"https:\/\/kaharresin.com\/wp-content\/uploads\/2022\/03\/logo-mark-1.png\" class=\"attachment-full size-full wp-image-2060\" alt=\"\" \/><\/div><div class=\"cz_title_content\"><div class=\"cz_wpe_content\"><p style=\"text-align: center\"><span style=\"font-size: 18px;color: #cccccc\">Bizi aray\u0131n veya bize kat\u0131l\u0131n<\/span><\/p>\n\n<h3 style=\"line-height: 1.3;text-align: center\"><span style=\"font-size: 38px\"><span style=\"color: #ffffff;line-height: 2\">Bizimle <\/span><span style=\"color: #ffeb3b\">ileti\u015fime ge\u00e7in<\/span><\/span><\/h3>\n<p style=\"text-align: center\"><span style=\"color: #dddddd;font-size: 20px\">Bushehr Kimyasal Sanayiler \u015firketi, tecr\u00fcbeli uzmanlardan yararlanarak <br> \u00e7e\u015fitli sanayilerin ihtiya\u00e7lar\u0131n\u0131 en son d\u00fcnya standartlar\u0131na g\u00f6re giderme y\u00f6n\u00fcnde b\u00fcy\u00fck bir ad\u0131m atm\u0131\u015ft\u0131r.\n<\/span><\/p><\/div><\/div><\/div>\r\n\t\t<\/div>\r\n\t\t\r\n\t\t\t\t\t\t<\/div>\n\t\t\t\t<\/div>\n\t\t\t\t<div class=\"elementor-element elementor-element-416c8e2a elementor-widget elementor-widget-cz_gap\" data-id=\"416c8e2a\" data-element_type=\"widget\" data-e-type=\"widget\" data-widget_type=\"cz_gap.default\">\n\t\t\t\t<div class=\"elementor-widget-container\">\n\t\t\t\t\t<div class=\"cz_gap clr\"><\/div>\t\t\t\t<\/div>\n\t\t\t\t<\/div>\n\t\t\t\t<div class=\"elementor-element elementor-element-14938e58 elementor-widget elementor-widget-cz_button\" data-id=\"14938e58\" data-element_type=\"widget\" data-e-type=\"widget\" data-widget_type=\"cz_button.default\">\n\t\t\t\t<div class=\"elementor-widget-container\">\n\t\t\t\t\t\t\t<div class=\"cz_btn_center\">\r\n\t\t\t<div>\r\n\t\t\t\t<a href=\"https:\/\/kaharresin.com\/tr\/contact-us\/\" target=\"_blank\" rel=\"nofollow\" class=\"cz_btn cz_btn_txt_no_fx cz_btn_blur\">\r\n\r\n\t\t\t\t\t<span>\t\t\t\t\t\t<strong>\u015eirketimize kat\u0131l\u0131n.\t\t\t\t\t\t\t\t\t\t\t\t\t<\/strong>\r\n\t\t\t\t\t\t\t\t\t\t\t<\/span>\r\n\r\n\t\t\t\t\t<b class=\"cz_btn_onhover\">\r\n\t\t\t\t\t\t\t\t\t\t\t\t<strong>\r\n\t\t\t\t\t\t\t\u015eirketimize kat\u0131l\u0131n.\t\t\t\t\t\t\t\t\t\t\t\t\t<\/strong>\r\n\t\t\t\t\t\t\t\t\t\t\t<\/b>\r\n\r\n\t\t\t\t<\/a>\r\n\t\t\t<\/div>\r\n\t\t<\/div> \t\t\t\t\t\t<\/div>\n\t\t\t\t<\/div>\n\t\t\t\t\t<\/div>\n\t\t<\/div>\n\t\t\t\t\t<\/div>\n\t\t<\/section>\n\t\t\t\t<\/div>\n\t\t<\/div><\/div>\r\n<script>\r\n\r\n\t! function( $ ) {\r\n\r\n\t\tsetTimeout(function() {\r\n\t\t\tif ( typeof particlesJS != \"undefined\" ) {\r\n\r\n\t\t\t\tparticlesJS(\"xtra-4135\", {\r\n\t\t\t\t  \"particles\": {\r\n\t\t\t\t    \"number\": {\r\n\t\t\t\t      \"value\": 80\r\n\t\t\t\t    },\r\n\t\t\t\t    \"color\": {\r\n\t\t\t\t      \"value\": \"#ffeb3b\"\r\n\t\t\t\t    },\r\n\t\t\t\t    \"shape\": {\r\n\t\t\t\t      \"type\": \"polygon\",\r\n\t\t\t\t    },\r\n\t\t\t\t    \"line_linked\": {\r\n\t\t\t\t      \"enable\": true,\r\n\t\t\t\t      \"distance\": 150,\r\n\t\t\t\t      \"color\": \"#a7a7a7\",\r\n\t\t\t\t      \"opacity\": 0.4,\r\n\t\t\t\t      \"width\": 1\r\n\t\t\t\t    },\r\n\t\t\t\t    \"opacity\": {\r\n\t\t\t\t      \"value\": 0.5,\r\n\t\t\t\t      \"random\": true,\r\n\t\t\t\t      \"anim\": {\r\n\t\t\t\t        \"enable\": false,\r\n\t\t\t\t        \"speed\": 1,\r\n\t\t\t\t        \"opacity_min\": 0.1,\r\n\t\t\t\t        \"sync\": false\r\n\t\t\t\t      }\r\n\t\t\t\t    },\r\n\t\t\t\t    \"size\": {\r\n\t\t\t\t      \"value\": 5,\r\n\t\t\t\t      \"random\": true,\r\n\t\t\t\t      \"anim\": {\r\n\t\t\t\t        \"enable\": false,\r\n\t\t\t\t        \"speed\": 40,\r\n\t\t\t\t        \"size_min\": 0.1,\r\n\t\t\t\t        \"sync\": false\r\n\t\t\t\t      }\r\n\t\t\t\t    },\r\n\t\t\t\t    \"move\": {\r\n\t\t\t\t      \"enable\": true,\r\n\t\t\t\t      \"speed\": 4,\r\n\t\t\t\t      \"direction\": \"none\",\r\n\t\t\t\t      \"random\": false,\r\n\t\t\t\t      \"straight\": false,\r\n\t\t\t\t      \"out_mode\": \"bounce\",\r\n\t\t\t\t      \"bounce\": false,\r\n\t\t\t\t      \"attract\": {\r\n\t\t\t\t        \"enable\": false,\r\n\t\t\t\t        \"rotateX\": 600,\r\n\t\t\t\t        \"rotateY\": 1200\r\n\t\t\t\t      }\r\n\t\t\t\t    }\r\n\t\t\t\t  },\r\n\t\t\t\t  \"interactivity\": {\r\n\t\t\t\t    \"detect_on\": \"canvas\",\r\n\t\t\t\t    \"events\": {\r\n\t\t\t\t      \"onhover\": {\r\n\t\t\t\t        \"enable\": true,\r\n\t\t\t\t        \"mode\": \"grab\"\r\n\t\t\t\t      },\r\n\t\t\t\t      \"onclick\": {\r\n\t\t\t\t        \"enable\": true,\r\n\t\t\t\t        \"mode\": \"push\"\r\n\t\t\t\t      },\r\n\t\t\t\t      \"resize\": true\r\n\t\t\t\t    },\r\n\t\t\t\t    \"modes\": {\r\n\t\t\t\t      \"grab\": {\r\n\t\t\t\t        \"distance\": 100,\r\n\t\t\t\t        \"line_linked\": {\r\n\t\t\t\t          \"opacity\": 1\r\n\t\t\t\t        }\r\n\t\t\t\t      },\r\n\t\t\t\t      \"bubble\": {\r\n\t\t\t\t        \"distance\": 400,\r\n\t\t\t\t        \"size\": 40,\r\n\t\t\t\t        \"duration\": 2,\r\n\t\t\t\t        \"opacity\": 8,\r\n\t\t\t\t        \"speed\": 3\r\n\t\t\t\t      },\r\n\t\t\t\t      \"repulse\": {\r\n\t\t\t\t        \"distance\": 200,\r\n\t\t\t\t        \"duration\": 0.4\r\n\t\t\t\t      },\r\n\t\t\t\t      \"push\": {\r\n\t\t\t\t        \"particles_nb\": 4\r\n\t\t\t\t      },\r\n\t\t\t\t      \"remove\": {\r\n\t\t\t\t        \"particles_nb\": 2\r\n\t\t\t\t      }\r\n\t\t\t\t    }\r\n\t\t\t\t  },\r\n\t\t\t\t  \"retina_detect\": true\r\n\t\t\t\t});\r\n\t\t\t}\r\n\t\t}, 2000 );\r\n\r\n\t}( jQuery )\r\n\r\n<\/script>\t\t\t\t<\/div>\n\t\t\t\t<\/div>\n\t\t\t\t\t<\/div>\n\t\t<\/div>\n\t\t\t\t\t<\/div>\n\t\t<\/section>\n\t\t\t\t<\/div>","protected":false},"excerpt":{"rendered":"<p>\u0622\u0646\u0686\u0647 \u062f\u0631 \u062f\u0646\u06cc\u0627\u06cc \u0648\u0627\u0642\u0639\u06cc \u0627\u0646\u062c\u0627\u0645 \u0645\u06cc \u062f\u0647\u06cc\u0645 &#8230; \u0628\u0631\u0631\u0633\u06cc \u0627\u062c\u0645\u0627\u0644\u06cc \u062e\u062f\u0645\u0627\u062a &#8230; <\/p>","protected":false},"author":3,"featured_media":0,"parent":0,"menu_order":0,"comment_status":"closed","ping_status":"closed","template":"","meta":{"footnotes":""},"class_list":["post-1706","page","type-page","status-publish","hentry"],"_links":{"self":[{"href":"https:\/\/kaharresin.com\/tr\/wp-json\/wp\/v2\/pages\/1706","targetHints":{"allow":["GET"]}}],"collection":[{"href":"https:\/\/kaharresin.com\/tr\/wp-json\/wp\/v2\/pages"}],"about":[{"href":"https:\/\/kaharresin.com\/tr\/wp-json\/wp\/v2\/types\/page"}],"author":[{"embeddable":true,"href":"https:\/\/kaharresin.com\/tr\/wp-json\/wp\/v2\/users\/3"}],"replies":[{"embeddable":true,"href":"https:\/\/kaharresin.com\/tr\/wp-json\/wp\/v2\/comments?post=1706"}],"version-history":[{"count":20,"href":"https:\/\/kaharresin.com\/tr\/wp-json\/wp\/v2\/pages\/1706\/revisions"}],"predecessor-version":[{"id":2303,"href":"https:\/\/kaharresin.com\/tr\/wp-json\/wp\/v2\/pages\/1706\/revisions\/2303"}],"wp:attachment":[{"href":"https:\/\/kaharresin.com\/tr\/wp-json\/wp\/v2\/media?parent=1706"}],"curies":[{"name":"wp","href":"https:\/\/api.w.org\/{rel}","templated":true}]}}