{"id":1823,"date":"2021-08-28T05:37:03","date_gmt":"2021-08-28T05:37:03","guid":{"rendered":"https:\/\/poliresinco.com\/?page_id=1823"},"modified":"2023-08-04T12:08:48","modified_gmt":"2023-08-04T12:08:48","slug":"%d8%b1%d8%b2%db%8c%d9%86-%d9%be%d9%84%db%8c-%d8%a7%d8%b3%d8%aa%d8%b1-%d8%a7%db%8c%d8%b2%d9%88%d9%81%d8%aa%d8%a7%d9%84%db%8c%da%a9","status":"publish","type":"page","link":"https:\/\/kaharresin.com\/tr\/%d8%b1%d8%b2%db%8c%d9%86-%d9%be%d9%84%db%8c-%d8%a7%d8%b3%d8%aa%d8%b1-%d8%a7%db%8c%d8%b2%d9%88%d9%81%d8%aa%d8%a7%d9%84%db%8c%da%a9\/","title":{"rendered":"Doymam\u0131\u015f izoftalik poliester re\u00e7ine"},"content":{"rendered":"<div data-elementor-type=\"wp-page\" data-elementor-id=\"1823\" class=\"elementor elementor-1823\" data-elementor-post-type=\"page\">\n\t\t\t\t<div class=\"elementor-element elementor-element-d3996d4 e-flex e-con-boxed e-con e-parent\" data-id=\"d3996d4\" data-element_type=\"container\" data-e-type=\"container\">\n\t\t\t\t\t<div class=\"e-con-inner\">\n\t\t<div class=\"elementor-element elementor-element-4e74bee e-con-full e-flex e-con e-child\" data-id=\"4e74bee\" data-element_type=\"container\" data-e-type=\"container\">\n\t\t\t\t<div class=\"elementor-element elementor-element-ebe034e elementor-widget elementor-widget-text-editor\" data-id=\"ebe034e\" data-element_type=\"widget\" data-e-type=\"widget\" data-widget_type=\"text-editor.default\">\n\t\t\t\t<div class=\"elementor-widget-container\">\n\t\t\t\t\t\t\t\t\t<strong>Kullan\u0131m alanlar\u0131:ula\u015f\u0131m, elektronik sanayileri, hijyenik malzeme, su tanklar\u0131 ve bas\u0131n\u00e7 alt\u0131ndaki tanklar\u0131n \u00fcretimi, jelkot \u00fcretimi, y\u00fcksek dirence sahip kompozitler,macun, yap\u0131\u015ft\u0131r\u0131c\u0131, sac \u00fcretimi, profil \u00fcretimi,flotasyon,h\u0131zl\u0131 tekneler, gemi yap\u0131m\u0131, mastik,yapay ta\u015f, do\u011fal ta\u015f, su nakil borular\u0131, maket yap\u0131m\u0131, deniz sanayileri vs.<\/strong>\r\n\r\n<img fetchpriority=\"high\" decoding=\"async\" class=\"size-medium wp-image-1796 aligncenter\" src=\"data:image\/svg+xml,%3Csvg%20xmlns%3D&#39;http%3A%2F%2Fwww.w3.org%2F2000%2Fsvg&#39;%20width=&#39;300&#39;%20height=&#39;200&#39;%20viewBox%3D&#39;0%200%20300%20200&#39;%2F%3E\" data-czlz data-src=\"https:\/\/kaharresin.com\/wp-content\/uploads\/2021\/07\/index-300x200.jpg\" alt=\"\" width=\"300\" height=\"200\" \/>\r\n\r\n&nbsp;\r\n\r\n&nbsp;\r\n\r\n&nbsp;\r\n\r\n&nbsp;\r\n\r\n&nbsp;\t\t\t\t\t\t\t\t<\/div>\n\t\t\t\t<\/div>\n\t\t\t\t<\/div>\n\t\t\t\t\t<\/div>\n\t\t\t\t<\/div>\n\t\t\t\t<\/div>","protected":false},"excerpt":{"rendered":"<p>\u0645\u0648\u0631\u062f \u0627\u0633\u062a\u0641\u0627\u062f\u0647 \u062f\u0631 \u0635\u0646\u0627\u06cc\u0639 \u062d\u0645\u0644 \u0648 \u0646\u0642\u0644\u060c \u0627\u0644\u06a9\u062a\u0631\u0648\u0646\u06cc\u06a9\u060c \u062a\u0648\u0644\u06cc\u062f \u0648\u0633\u0627\u06cc\u0644 \u0628\u0647\u062f\u0627\u0634\u062a\u06cc\u060c &#8230; <\/p>","protected":false},"author":3,"featured_media":0,"parent":0,"menu_order":0,"comment_status":"closed","ping_status":"closed","template":"","meta":{"footnotes":""},"class_list":["post-1823","page","type-page","status-publish","hentry"],"_links":{"self":[{"href":"https:\/\/kaharresin.com\/tr\/wp-json\/wp\/v2\/pages\/1823","targetHints":{"allow":["GET"]}}],"collection":[{"href":"https:\/\/kaharresin.com\/tr\/wp-json\/wp\/v2\/pages"}],"about":[{"href":"https:\/\/kaharresin.com\/tr\/wp-json\/wp\/v2\/types\/page"}],"author":[{"embeddable":true,"href":"https:\/\/kaharresin.com\/tr\/wp-json\/wp\/v2\/users\/3"}],"replies":[{"embeddable":true,"href":"https:\/\/kaharresin.com\/tr\/wp-json\/wp\/v2\/comments?post=1823"}],"version-history":[{"count":7,"href":"https:\/\/kaharresin.com\/tr\/wp-json\/wp\/v2\/pages\/1823\/revisions"}],"predecessor-version":[{"id":2536,"href":"https:\/\/kaharresin.com\/tr\/wp-json\/wp\/v2\/pages\/1823\/revisions\/2536"}],"wp:attachment":[{"href":"https:\/\/kaharresin.com\/tr\/wp-json\/wp\/v2\/media?parent=1823"}],"curies":[{"name":"wp","href":"https:\/\/api.w.org\/{rel}","templated":true}]}}