{"id":1829,"date":"2021-08-28T07:04:51","date_gmt":"2021-08-28T07:04:51","guid":{"rendered":"https:\/\/poliresinco.com\/?page_id=1829"},"modified":"2023-08-04T12:10:48","modified_gmt":"2023-08-04T12:10:48","slug":"%d8%b1%d8%b2%db%8c%d9%86-%d9%be%d9%84%db%8c-%d8%a7%d8%b3%d8%aa%d8%b1-%d8%a7%d9%88%d8%b1%d8%aa%d9%88%d9%81%d8%aa%d8%a7%d9%84%db%8c%da%a9-%da%af%d9%84-%d9%84%d9%85%d8%b3%d9%87-%d8%aa%d8%a7%d8%ac-%d9%85","status":"publish","type":"page","link":"https:\/\/kaharresin.com\/tr\/%d8%b1%d8%b2%db%8c%d9%86-%d9%be%d9%84%db%8c-%d8%a7%d8%b3%d8%aa%d8%b1-%d8%a7%d9%88%d8%b1%d8%aa%d9%88%d9%81%d8%aa%d8%a7%d9%84%db%8c%da%a9-%da%af%d9%84-%d9%84%d9%85%d8%b3%d9%87-%d8%aa%d8%a7%d8%ac-%d9%85\/","title":{"rendered":"Chester -koltuk tac\u0131 Ortoftalik poliester re\u00e7ine"},"content":{"rendered":"<div data-elementor-type=\"wp-page\" data-elementor-id=\"1829\" class=\"elementor elementor-1829\" data-elementor-post-type=\"page\">\n\t\t\t\t<div class=\"elementor-element elementor-element-5a0a8d7 e-flex e-con-boxed e-con e-parent\" data-id=\"5a0a8d7\" data-element_type=\"container\" data-e-type=\"container\">\n\t\t\t\t\t<div class=\"e-con-inner\">\n\t\t<div class=\"elementor-element elementor-element-9f4686a e-con-full e-flex e-con e-child\" data-id=\"9f4686a\" data-element_type=\"container\" data-e-type=\"container\">\n\t\t\t\t<div class=\"elementor-element elementor-element-0d388b9 elementor-widget elementor-widget-text-editor\" data-id=\"0d388b9\" data-element_type=\"widget\" data-e-type=\"widget\" data-widget_type=\"text-editor.default\">\n\t\t\t\t<div class=\"elementor-widget-container\">\n\t\t\t\t\t\t\t\t\t<strong>\u00dcretim kolayl\u0131\u011f\u0131 ve sonu\u00e7 olarak d\u00fc\u015f\u00fck ve uygun fiyat\u0131 nedeniyle ah\u015fap oymac\u0131l\u0131\u011f\u0131, kal\u0131plama, hassas tasar\u0131mlar alanlar\u0131nda kullan\u0131lmaktad\u0131r.\nY\u00fcksek kaliteli malzemeler kullan\u0131lmas\u0131 suretiyle, erken bozulma ve \u00e7\u00fcr\u00fcme gibi etkenlere kar\u015f\u0131 dayan\u0131kl\u0131 kaliteli, g\u00fczel tasar\u0131ml\u0131 ve tasarruflu bir koltuk \u00fcretilebilir.<\/strong>\r\n\r\n<img fetchpriority=\"high\" decoding=\"async\" class=\"alignnone size-full wp-image-1830 aligncenter\" src=\"data:image\/svg+xml,%3Csvg%20xmlns%3D&#39;http%3A%2F%2Fwww.w3.org%2F2000%2Fsvg&#39;%20width=&#39;300&#39;%20height=&#39;240&#39;%20viewBox%3D&#39;0%200%20300%20240&#39;%2F%3E\" data-czlz data-src=\"https:\/\/kaharresin.com\/wp-content\/uploads\/2021\/08\/4454454-300x240-1.jpg\" alt=\"\" width=\"300\" height=\"240\" \/>\t\t\t\t\t\t\t\t<\/div>\n\t\t\t\t<\/div>\n\t\t\t\t<\/div>\n\t\t\t\t\t<\/div>\n\t\t\t\t<\/div>\n\t\t\t\t<\/div>","protected":false},"excerpt":{"rendered":"<p>\u0628\u0647 \u0639\u0644\u062a \u062a\u0648\u0644\u06cc\u062f \u0622\u0633\u0627\u0646 \u0648 \u062f\u0631 \u0646\u062a\u06cc\u062c\u0647 \u0642\u06cc\u0645\u062a \u067e\u0627\u06cc\u06cc\u0646 \u0648\u0645\u0646\u0627\u0633\u0628 \u0622\u0646\u060c &#8230; <\/p>","protected":false},"author":3,"featured_media":0,"parent":0,"menu_order":0,"comment_status":"closed","ping_status":"closed","template":"","meta":{"footnotes":""},"class_list":["post-1829","page","type-page","status-publish","hentry"],"_links":{"self":[{"href":"https:\/\/kaharresin.com\/tr\/wp-json\/wp\/v2\/pages\/1829","targetHints":{"allow":["GET"]}}],"collection":[{"href":"https:\/\/kaharresin.com\/tr\/wp-json\/wp\/v2\/pages"}],"about":[{"href":"https:\/\/kaharresin.com\/tr\/wp-json\/wp\/v2\/types\/page"}],"author":[{"embeddable":true,"href":"https:\/\/kaharresin.com\/tr\/wp-json\/wp\/v2\/users\/3"}],"replies":[{"embeddable":true,"href":"https:\/\/kaharresin.com\/tr\/wp-json\/wp\/v2\/comments?post=1829"}],"version-history":[{"count":4,"href":"https:\/\/kaharresin.com\/tr\/wp-json\/wp\/v2\/pages\/1829\/revisions"}],"predecessor-version":[{"id":2555,"href":"https:\/\/kaharresin.com\/tr\/wp-json\/wp\/v2\/pages\/1829\/revisions\/2555"}],"wp:attachment":[{"href":"https:\/\/kaharresin.com\/tr\/wp-json\/wp\/v2\/media?parent=1829"}],"curies":[{"name":"wp","href":"https:\/\/api.w.org\/{rel}","templated":true}]}}