{"id":1833,"date":"2021-08-28T07:36:41","date_gmt":"2021-08-28T07:36:41","guid":{"rendered":"https:\/\/poliresinco.com\/?page_id=1833"},"modified":"2023-08-04T15:51:02","modified_gmt":"2023-08-04T15:51:02","slug":"%d8%b1%d8%b2%db%8c%d9%86-%d9%be%d9%84%db%8c-%d8%a7%d8%b3%d8%aa%d8%b1-%d8%a7%db%8c%d8%b2%d9%88%d9%81%d8%aa%d8%a7%d9%84%db%8c%da%a9-%d9%85%d8%ae%d8%a7%d8%b2%d9%86-%da%a9%d8%a7%d9%85%d9%be%d9%88%d8%b2","status":"publish","type":"page","link":"https:\/\/kaharresin.com\/tr\/%d8%b1%d8%b2%db%8c%d9%86-%d9%be%d9%84%db%8c-%d8%a7%d8%b3%d8%aa%d8%b1-%d8%a7%db%8c%d8%b2%d9%88%d9%81%d8%aa%d8%a7%d9%84%db%8c%da%a9-%d9%85%d8%ae%d8%a7%d8%b2%d9%86-%da%a9%d8%a7%d9%85%d9%be%d9%88%d8%b2\/","title":{"rendered":"Kompozit tanklar i\u00e7in izoftalik poliester re\u00e7ine"},"content":{"rendered":"<div data-elementor-type=\"wp-page\" data-elementor-id=\"1833\" class=\"elementor elementor-1833\" data-elementor-post-type=\"page\">\n\t\t\t\t<div class=\"elementor-element elementor-element-52b6ee9 e-flex e-con-boxed e-con e-parent\" data-id=\"52b6ee9\" data-element_type=\"container\" data-e-type=\"container\">\n\t\t\t\t\t<div class=\"e-con-inner\">\n\t\t<div class=\"elementor-element elementor-element-b78ad1b e-con-full e-flex e-con e-child\" data-id=\"b78ad1b\" data-element_type=\"container\" data-e-type=\"container\">\n\t\t\t\t<div class=\"elementor-element elementor-element-aa4700a elementor-widget elementor-widget-heading\" data-id=\"aa4700a\" data-element_type=\"widget\" data-e-type=\"widget\" data-widget_type=\"heading.default\">\n\t\t\t\t<div class=\"elementor-widget-container\">\n\t\t\t\t\t<p class=\"elementor-heading-title elementor-size-default\">A\u011f\u0131rl\u0131\u011fa g\u00f6re y\u00fcksek mekanik diren\u00e7, korozyona kar\u015f\u0131 y\u00fcksek diren\u00e7, iyi \u0131s\u0131 yal\u0131t\u0131m \u00f6zellikleri, y\u00fcksek mukavemet, metallere g\u00f6re daha fazla sertlik ve daha d\u00fc\u015f\u00fck esneklik, metallere g\u00f6re m\u00fckemmel yorulma \u00f6zellikleri gibi avantajlara sahip olmas\u0131ndan dolay\u0131 kompozit tanklar \u00fcretiminde kullan\u0131lmaktad\u0131r.<\/p>\t\t\t\t<\/div>\n\t\t\t\t<\/div>\n\t\t\t\t<div class=\"elementor-element elementor-element-f35172d elementor-widget elementor-widget-image\" data-id=\"f35172d\" data-element_type=\"widget\" data-e-type=\"widget\" data-widget_type=\"image.default\">\n\t\t\t\t<div class=\"elementor-widget-container\">\n\t\t\t\t\t\t\t\t\t\t\t\t\t\t\t<img fetchpriority=\"high\" decoding=\"async\" width=\"600\" height=\"400\" src=\"data:image\/svg+xml,%3Csvg%20xmlns%3D&#39;http%3A%2F%2Fwww.w3.org%2F2000%2Fsvg&#39;%20width=&#39;600&#39;%20height=&#39;400&#39;%20viewBox%3D&#39;0%200%20600%20400&#39;%2F%3E\" data-czlz data-src=\"https:\/\/kaharresin.com\/wp-content\/uploads\/2021\/08\/\u0645\u062e\u0632\u0646-\u06a9\u0627\u0645\u067e\u0648\u0632\u06cc\u062a.jpg\" class=\"attachment-medium_large size-medium_large wp-image-1834\" alt=\"\" data-srcset=\"https:\/\/kaharresin.com\/wp-content\/uploads\/2021\/08\/\u0645\u062e\u0632\u0646-\u06a9\u0627\u0645\u067e\u0648\u0632\u06cc\u062a.jpg 600w, https:\/\/kaharresin.com\/wp-content\/uploads\/2021\/08\/\u0645\u062e\u0632\u0646-\u06a9\u0627\u0645\u067e\u0648\u0632\u06cc\u062a-300x200.jpg 300w\" data-sizes=\"(max-width: 600px) 100vw, 600px\" \/>\t\t\t\t\t\t\t\t\t\t\t\t\t\t\t<\/div>\n\t\t\t\t<\/div>\n\t\t\t\t<\/div>\n\t\t\t\t\t<\/div>\n\t\t\t\t<\/div>\n\t\t\t\t<\/div>","protected":false},"excerpt":{"rendered":"<p>\u0628\u0647 \u0639\u0644\u062a \u062f\u0627\u0634\u062a\u0646 \u0645\u0632\u0627\u06cc\u0627\u06cc\u06cc \u0627\u0632 \u062c\u0645\u0644\u0647 \u0645\u0642\u0627\u0648\u0645\u062a \u0645\u06a9\u0627\u0646\u06cc\u06a9\u06cc \u0628\u0627\u0644\u0627 \u0646\u0633\u0628\u062a \u0628\u0647 &#8230; <\/p>","protected":false},"author":3,"featured_media":0,"parent":0,"menu_order":0,"comment_status":"closed","ping_status":"closed","template":"","meta":{"footnotes":""},"class_list":["post-1833","page","type-page","status-publish","hentry"],"_links":{"self":[{"href":"https:\/\/kaharresin.com\/tr\/wp-json\/wp\/v2\/pages\/1833","targetHints":{"allow":["GET"]}}],"collection":[{"href":"https:\/\/kaharresin.com\/tr\/wp-json\/wp\/v2\/pages"}],"about":[{"href":"https:\/\/kaharresin.com\/tr\/wp-json\/wp\/v2\/types\/page"}],"author":[{"embeddable":true,"href":"https:\/\/kaharresin.com\/tr\/wp-json\/wp\/v2\/users\/3"}],"replies":[{"embeddable":true,"href":"https:\/\/kaharresin.com\/tr\/wp-json\/wp\/v2\/comments?post=1833"}],"version-history":[{"count":7,"href":"https:\/\/kaharresin.com\/tr\/wp-json\/wp\/v2\/pages\/1833\/revisions"}],"predecessor-version":[{"id":2598,"href":"https:\/\/kaharresin.com\/tr\/wp-json\/wp\/v2\/pages\/1833\/revisions\/2598"}],"wp:attachment":[{"href":"https:\/\/kaharresin.com\/tr\/wp-json\/wp\/v2\/media?parent=1833"}],"curies":[{"name":"wp","href":"https:\/\/api.w.org\/{rel}","templated":true}]}}