{"id":1836,"date":"2021-08-28T07:42:41","date_gmt":"2021-08-28T07:42:41","guid":{"rendered":"https:\/\/poliresinco.com\/?page_id=1836"},"modified":"2023-08-04T16:53:20","modified_gmt":"2023-08-04T16:53:20","slug":"%d8%b1%d8%b2%db%8c%d9%86-%d9%be%d9%84%db%8c-%d8%a7%d8%b3%d8%aa%d8%b1-%d8%a7%d9%88%d8%b1%d8%aa%d9%88%d9%81%d8%aa%d8%a7%d9%84%db%8c%da%a9-%d8%b3%d8%a7%d8%ae%d8%aa-%d9%85%d8%a7%d9%86%da%a9%d9%86","status":"publish","type":"page","link":"https:\/\/kaharresin.com\/tr\/%d8%b1%d8%b2%db%8c%d9%86-%d9%be%d9%84%db%8c-%d8%a7%d8%b3%d8%aa%d8%b1-%d8%a7%d9%88%d8%b1%d8%aa%d9%88%d9%81%d8%aa%d8%a7%d9%84%db%8c%da%a9-%d8%b3%d8%a7%d8%ae%d8%aa-%d9%85%d8%a7%d9%86%da%a9%d9%86\/","title":{"rendered":"Manken yap\u0131m\u0131 i\u00e7in ortoftalik poliester re\u00e7ine"},"content":{"rendered":"<div data-elementor-type=\"wp-page\" data-elementor-id=\"1836\" class=\"elementor elementor-1836\" data-elementor-post-type=\"page\">\n\t\t\t\t<div class=\"elementor-element elementor-element-935291f e-flex e-con-boxed e-con e-parent\" data-id=\"935291f\" data-element_type=\"container\" data-e-type=\"container\">\n\t\t\t\t\t<div class=\"e-con-inner\">\n\t\t<div class=\"elementor-element elementor-element-067a2e2 e-con-full e-flex e-con e-child\" data-id=\"067a2e2\" data-element_type=\"container\" data-e-type=\"container\">\n\t\t\t\t<div class=\"elementor-element elementor-element-5fde959 elementor-widget elementor-widget-heading\" data-id=\"5fde959\" data-element_type=\"widget\" data-e-type=\"widget\" data-widget_type=\"heading.default\">\n\t\t\t\t<div class=\"elementor-widget-container\">\n\t\t\t\t\t<p class=\"elementor-heading-title elementor-size-default\">An\u0131nda kal\u0131planma, y\u00fcksek ve konsantrasyon ve k\u0131vam, \u00e7abuk kuruyabilme kabiliyeti ve \u015fekil de\u011fi\u015ftirebilme, renk \u00e7e\u015fitlili\u011fi, tam kapand\u0131ktan sonra t\u00f6rp\u00fcleme kolayl\u0131\u011f\u0131, y\u00fcksek esneklik, y\u00fcksek gerilme, kullan\u0131m kolayl\u0131\u011f\u0131, \u0131s\u0131ya dayan\u0131kl\u0131l\u0131k ve \u00e7al\u0131\u015fma y\u00fczeylerinde kabarc\u0131k olu\u015fmamas\u0131 gibi avantajlara sahip olmas\u0131ndan dolay\u0131 manken yap\u0131m\u0131nda kullan\u0131l\u0131r.<\/p>\t\t\t\t<\/div>\n\t\t\t\t<\/div>\n\t\t\t\t<div class=\"elementor-element elementor-element-98ea8b8 elementor-widget elementor-widget-image\" data-id=\"98ea8b8\" data-element_type=\"widget\" data-e-type=\"widget\" data-widget_type=\"image.default\">\n\t\t\t\t<div class=\"elementor-widget-container\">\n\t\t\t\t\t\t\t\t\t\t\t\t\t\t\t<img fetchpriority=\"high\" decoding=\"async\" width=\"720\" height=\"549\" src=\"data:image\/svg+xml,%3Csvg%20xmlns%3D&#39;http%3A%2F%2Fwww.w3.org%2F2000%2Fsvg&#39;%20width=&#39;720&#39;%20height=&#39;549&#39;%20viewBox%3D&#39;0%200%20720%20549&#39;%2F%3E\" data-czlz data-src=\"https:\/\/kaharresin.com\/wp-content\/uploads\/2021\/07\/WhatsApp-Image-2021-07-16-at-08.43.37.jpeg\" class=\"attachment-medium_large size-medium_large wp-image-1780\" alt=\"\" data-srcset=\"https:\/\/kaharresin.com\/wp-content\/uploads\/2021\/07\/WhatsApp-Image-2021-07-16-at-08.43.37.jpeg 720w, https:\/\/kaharresin.com\/wp-content\/uploads\/2021\/07\/WhatsApp-Image-2021-07-16-at-08.43.37-300x229.jpeg 300w, https:\/\/kaharresin.com\/wp-content\/uploads\/2021\/07\/WhatsApp-Image-2021-07-16-at-08.43.37-600x458.jpeg 600w\" data-sizes=\"(max-width: 720px) 100vw, 720px\" \/>\t\t\t\t\t\t\t\t\t\t\t\t\t\t\t<\/div>\n\t\t\t\t<\/div>\n\t\t\t\t<\/div>\n\t\t\t\t\t<\/div>\n\t\t\t\t<\/div>\n\t\t\t\t<\/div>","protected":false},"excerpt":{"rendered":"<p>\u0628\u0647 \u0639\u0644\u062a \u062f\u0627\u0634\u062a\u0646 \u0645\u0632\u0627\u06cc\u0627\u06cc\u06cc \u0627\u0632 \u062c\u0645\u0644\u0647 \u0642\u0627\u0644\u0628 \u06af\u06cc\u0631\u06cc \u0641\u0648\u0631\u06cc\u060c \u063a\u0644\u0638\u062a \u0648 &#8230; <\/p>","protected":false},"author":3,"featured_media":0,"parent":0,"menu_order":0,"comment_status":"closed","ping_status":"closed","template":"","meta":{"footnotes":""},"class_list":["post-1836","page","type-page","status-publish","hentry"],"_links":{"self":[{"href":"https:\/\/kaharresin.com\/tr\/wp-json\/wp\/v2\/pages\/1836","targetHints":{"allow":["GET"]}}],"collection":[{"href":"https:\/\/kaharresin.com\/tr\/wp-json\/wp\/v2\/pages"}],"about":[{"href":"https:\/\/kaharresin.com\/tr\/wp-json\/wp\/v2\/types\/page"}],"author":[{"embeddable":true,"href":"https:\/\/kaharresin.com\/tr\/wp-json\/wp\/v2\/users\/3"}],"replies":[{"embeddable":true,"href":"https:\/\/kaharresin.com\/tr\/wp-json\/wp\/v2\/comments?post=1836"}],"version-history":[{"count":7,"href":"https:\/\/kaharresin.com\/tr\/wp-json\/wp\/v2\/pages\/1836\/revisions"}],"predecessor-version":[{"id":2601,"href":"https:\/\/kaharresin.com\/tr\/wp-json\/wp\/v2\/pages\/1836\/revisions\/2601"}],"wp:attachment":[{"href":"https:\/\/kaharresin.com\/tr\/wp-json\/wp\/v2\/media?parent=1836"}],"curies":[{"name":"wp","href":"https:\/\/api.w.org\/{rel}","templated":true}]}}