{"id":1842,"date":"2021-08-28T07:58:06","date_gmt":"2021-08-28T07:58:06","guid":{"rendered":"https:\/\/poliresinco.com\/?page_id=1842"},"modified":"2023-08-04T17:11:35","modified_gmt":"2023-08-04T17:11:35","slug":"%d8%b1%d8%b2%db%8c%d9%86-%d9%be%d9%84%db%8c-%d8%a7%d8%b3%d8%aa%d8%b1-%d8%a7%d9%88%d8%b1%d8%aa%d9%88%d9%81%d8%aa%d8%a7%d9%84%db%8c%da%a9-%d8%b3%d9%86%da%af-%d9%85%d8%b5%d9%86%d9%88%d8%b9%db%8c","status":"publish","type":"page","link":"https:\/\/kaharresin.com\/tr\/%d8%b1%d8%b2%db%8c%d9%86-%d9%be%d9%84%db%8c-%d8%a7%d8%b3%d8%aa%d8%b1-%d8%a7%d9%88%d8%b1%d8%aa%d9%88%d9%81%d8%aa%d8%a7%d9%84%db%8c%da%a9-%d8%b3%d9%86%da%af-%d9%85%d8%b5%d9%86%d9%88%d8%b9%db%8c\/","title":{"rendered":"Yapay ta\u015f poliester re\u00e7ine"},"content":{"rendered":"<div data-elementor-type=\"wp-page\" data-elementor-id=\"1842\" class=\"elementor elementor-1842\" data-elementor-post-type=\"page\">\n\t\t\t\t<div class=\"elementor-element elementor-element-71db33c e-flex e-con-boxed e-con e-parent\" data-id=\"71db33c\" data-element_type=\"container\" data-e-type=\"container\">\n\t\t\t\t\t<div class=\"e-con-inner\">\n\t\t<div class=\"elementor-element elementor-element-4a9b6ad e-con-full e-flex e-con e-child\" data-id=\"4a9b6ad\" data-element_type=\"container\" data-e-type=\"container\">\n\t\t\t\t<div class=\"elementor-element elementor-element-99df074 elementor-widget elementor-widget-heading\" data-id=\"99df074\" data-element_type=\"widget\" data-e-type=\"widget\" data-widget_type=\"heading.default\">\n\t\t\t\t<div class=\"elementor-widget-container\">\n\t\t\t\t\t<p class=\"elementor-heading-title elementor-size-default\">y\u00fcksek diren\u00e7 ve mukavemet, yapay ta\u015f\u0131n kuruma s\u00fcresinin k\u0131salmas\u0131, yapay ta\u015f bile\u015fenlerinin kar\u0131\u015f\u0131m\u0131n\u0131n iyile\u015ftirilmesi, piyasada mevcut t\u00fcm \u00e7imentolarda kullan\u0131labilme \u00f6zelli\u011finin, mikrosilika ile uyum ve kar\u0131\u015f\u0131m, uygun fiziksel durum vs gibi avantajlara sahip olmas\u0131 nedeniyle yapay ta\u015f yap\u0131m\u0131nda kullan\u0131l\u0131r.<\/p>\t\t\t\t<\/div>\n\t\t\t\t<\/div>\n\t\t\t\t<div class=\"elementor-element elementor-element-07bcb5a elementor-widget elementor-widget-image\" data-id=\"07bcb5a\" data-element_type=\"widget\" data-e-type=\"widget\" data-widget_type=\"image.default\">\n\t\t\t\t<div class=\"elementor-widget-container\">\n\t\t\t\t\t\t\t\t\t\t\t\t\t\t\t<img fetchpriority=\"high\" decoding=\"async\" width=\"448\" height=\"336\" src=\"data:image\/svg+xml,%3Csvg%20xmlns%3D&#39;http%3A%2F%2Fwww.w3.org%2F2000%2Fsvg&#39;%20width=&#39;448&#39;%20height=&#39;336&#39;%20viewBox%3D&#39;0%200%20448%20336&#39;%2F%3E\" data-czlz data-src=\"https:\/\/kaharresin.com\/wp-content\/uploads\/2021\/08\/12316017_962.jpg\" class=\"attachment-medium_large size-medium_large wp-image-1843\" alt=\"\" data-srcset=\"https:\/\/kaharresin.com\/wp-content\/uploads\/2021\/08\/12316017_962.jpg 448w, https:\/\/kaharresin.com\/wp-content\/uploads\/2021\/08\/12316017_962-300x225.jpg 300w\" data-sizes=\"(max-width: 448px) 100vw, 448px\" \/>\t\t\t\t\t\t\t\t\t\t\t\t\t\t\t<\/div>\n\t\t\t\t<\/div>\n\t\t\t\t<\/div>\n\t\t\t\t\t<\/div>\n\t\t\t\t<\/div>\n\t\t\t\t<\/div>","protected":false},"excerpt":{"rendered":"<p>\u0628\u0647 \u0639\u0644\u062a \u062f\u0627\u0634\u062a\u0646 \u0645\u0632\u0627\u06cc\u0627\u06cc\u06cc \u0627\u0632 \u062c\u0645\u0644\u0647 \u0627\u0633\u062a\u0642\u0627\u0645\u062a \u0648 \u0645\u0642\u0627\u0648\u0645\u062a \u0628\u0627\u0644\u0627\u060c \u06a9\u0627\u0647\u0634 &#8230; <\/p>","protected":false},"author":3,"featured_media":0,"parent":0,"menu_order":0,"comment_status":"closed","ping_status":"closed","template":"","meta":{"footnotes":""},"class_list":["post-1842","page","type-page","status-publish","hentry"],"_links":{"self":[{"href":"https:\/\/kaharresin.com\/tr\/wp-json\/wp\/v2\/pages\/1842","targetHints":{"allow":["GET"]}}],"collection":[{"href":"https:\/\/kaharresin.com\/tr\/wp-json\/wp\/v2\/pages"}],"about":[{"href":"https:\/\/kaharresin.com\/tr\/wp-json\/wp\/v2\/types\/page"}],"author":[{"embeddable":true,"href":"https:\/\/kaharresin.com\/tr\/wp-json\/wp\/v2\/users\/3"}],"replies":[{"embeddable":true,"href":"https:\/\/kaharresin.com\/tr\/wp-json\/wp\/v2\/comments?post=1842"}],"version-history":[{"count":10,"href":"https:\/\/kaharresin.com\/tr\/wp-json\/wp\/v2\/pages\/1842\/revisions"}],"predecessor-version":[{"id":2608,"href":"https:\/\/kaharresin.com\/tr\/wp-json\/wp\/v2\/pages\/1842\/revisions\/2608"}],"wp:attachment":[{"href":"https:\/\/kaharresin.com\/tr\/wp-json\/wp\/v2\/media?parent=1842"}],"curies":[{"name":"wp","href":"https:\/\/api.w.org\/{rel}","templated":true}]}}