{"id":1845,"date":"2021-08-28T08:04:43","date_gmt":"2021-08-28T08:04:43","guid":{"rendered":"https:\/\/poliresinco.com\/?page_id=1845"},"modified":"2023-08-04T17:16:29","modified_gmt":"2023-08-04T17:16:29","slug":"%d8%b1%d8%b2%db%8c%d9%86-%d8%a2%d9%85%db%8c%d9%86-%d8%af%d8%a7%d8%b1","status":"publish","type":"page","link":"https:\/\/kaharresin.com\/tr\/%d8%b1%d8%b2%db%8c%d9%86-%d8%a2%d9%85%db%8c%d9%86-%d8%af%d8%a7%d8%b1\/","title":{"rendered":"Aminli polister re\u00e7ine"},"content":{"rendered":"<div data-elementor-type=\"wp-page\" data-elementor-id=\"1845\" class=\"elementor elementor-1845\" data-elementor-post-type=\"page\">\n\t\t\t\t<div class=\"elementor-element elementor-element-21d1e69 e-flex e-con-boxed e-con e-parent\" data-id=\"21d1e69\" data-element_type=\"container\" data-e-type=\"container\">\n\t\t\t\t\t<div class=\"e-con-inner\">\n\t\t<div class=\"elementor-element elementor-element-6a54351 e-con-full e-flex e-con e-child\" data-id=\"6a54351\" data-element_type=\"container\" data-e-type=\"container\">\n\t\t\t\t<div class=\"elementor-element elementor-element-a0f7bdd elementor-widget elementor-widget-heading\" data-id=\"a0f7bdd\" data-element_type=\"widget\" data-e-type=\"widget\" data-widget_type=\"heading.default\">\n\t\t\t\t<div class=\"elementor-widget-container\">\n\t\t\t\t\t<p class=\"elementor-heading-title elementor-size-default\">Bu \u015firket, geni\u015f laboratuar imkanlar\u0131 ve y\u00fcksek atin g\u00fcc\u00fc sayesinde, m\u00fc\u015fterinin talebi do\u011frultusunda farkl\u0131 kullan\u0131mlar i\u00e7in \u00e7e\u015fitli \u00f6zel re\u00e7ineler tasarlayabilmektedir.\nTa\u015f yap\u0131\u015ft\u0131r\u0131c\u0131s\u0131, ta\u015f macunu ve entegre ta\u015flar ve \u00e7e\u015fitli yapay granit \u00fcretimi i\u00e7in aminli re\u00e7inelere de\u011finebiliriz.<\/p>\t\t\t\t<\/div>\n\t\t\t\t<\/div>\n\t\t\t\t<div class=\"elementor-element elementor-element-9bad74a elementor-widget elementor-widget-image\" data-id=\"9bad74a\" data-element_type=\"widget\" data-e-type=\"widget\" data-widget_type=\"image.default\">\n\t\t\t\t<div class=\"elementor-widget-container\">\n\t\t\t\t\t\t\t\t\t\t\t\t\t\t\t<img fetchpriority=\"high\" decoding=\"async\" width=\"300\" height=\"168\" src=\"data:image\/svg+xml,%3Csvg%20xmlns%3D&#39;http%3A%2F%2Fwww.w3.org%2F2000%2Fsvg&#39;%20width=&#39;300&#39;%20height=&#39;168&#39;%20viewBox%3D&#39;0%200%20300%20168&#39;%2F%3E\" data-czlz data-src=\"https:\/\/kaharresin.com\/wp-content\/uploads\/2021\/08\/images.jpg\" class=\"attachment-medium_large size-medium_large wp-image-1846\" alt=\"\" \/>\t\t\t\t\t\t\t\t\t\t\t\t\t\t\t<\/div>\n\t\t\t\t<\/div>\n\t\t\t\t<\/div>\n\t\t\t\t\t<\/div>\n\t\t\t\t<\/div>\n\t\t\t\t<\/div>","protected":false},"excerpt":{"rendered":"<p>\u0627\u06cc\u0646 \u0634\u0631\u06a9\u062a \u0628\u0627 \u062a\u0648\u062c\u0647 \u0628\u0647 \u0627\u0645\u06a9\u0627\u0646\u0627\u062a \u06af\u0633\u062a\u0631\u062f\u0647 \u0622\u0632\u0645\u0627\u06cc\u0634\u06af\u0627\u0647\u06cc \u0648 \u062a\u0648\u0627\u0646 \u0641\u0646\u06cc &#8230; <\/p>","protected":false},"author":3,"featured_media":0,"parent":0,"menu_order":0,"comment_status":"closed","ping_status":"closed","template":"","meta":{"footnotes":""},"class_list":["post-1845","page","type-page","status-publish","hentry"],"_links":{"self":[{"href":"https:\/\/kaharresin.com\/tr\/wp-json\/wp\/v2\/pages\/1845","targetHints":{"allow":["GET"]}}],"collection":[{"href":"https:\/\/kaharresin.com\/tr\/wp-json\/wp\/v2\/pages"}],"about":[{"href":"https:\/\/kaharresin.com\/tr\/wp-json\/wp\/v2\/types\/page"}],"author":[{"embeddable":true,"href":"https:\/\/kaharresin.com\/tr\/wp-json\/wp\/v2\/users\/3"}],"replies":[{"embeddable":true,"href":"https:\/\/kaharresin.com\/tr\/wp-json\/wp\/v2\/comments?post=1845"}],"version-history":[{"count":8,"href":"https:\/\/kaharresin.com\/tr\/wp-json\/wp\/v2\/pages\/1845\/revisions"}],"predecessor-version":[{"id":2611,"href":"https:\/\/kaharresin.com\/tr\/wp-json\/wp\/v2\/pages\/1845\/revisions\/2611"}],"wp:attachment":[{"href":"https:\/\/kaharresin.com\/tr\/wp-json\/wp\/v2\/media?parent=1845"}],"curies":[{"name":"wp","href":"https:\/\/api.w.org\/{rel}","templated":true}]}}