{"id":1848,"date":"2021-08-28T08:14:42","date_gmt":"2021-08-28T08:14:42","guid":{"rendered":"https:\/\/poliresinco.com\/?page_id=1848"},"modified":"2023-08-04T17:21:20","modified_gmt":"2023-08-04T17:21:20","slug":"%d8%b1%d8%b2%db%8c%d9%86-%d9%be%d9%88%d8%b3%d8%aa-%d9%be%d9%88%d9%84%db%8c%d8%b4","status":"publish","type":"page","link":"https:\/\/kaharresin.com\/tr\/%d8%b1%d8%b2%db%8c%d9%86-%d9%be%d9%88%d8%b3%d8%aa-%d9%be%d9%88%d9%84%db%8c%d8%b4\/","title":{"rendered":"Cilal\u0131 deri poliester re\u00e7ine"},"content":{"rendered":"<div data-elementor-type=\"wp-page\" data-elementor-id=\"1848\" class=\"elementor elementor-1848\" data-elementor-post-type=\"page\">\n\t\t\t\t<div class=\"elementor-element elementor-element-ecfd09b e-flex e-con-boxed e-con e-parent\" data-id=\"ecfd09b\" data-element_type=\"container\" data-e-type=\"container\">\n\t\t\t\t\t<div class=\"e-con-inner\">\n\t\t<div class=\"elementor-element elementor-element-6a7784e e-con-full e-flex e-con e-child\" data-id=\"6a7784e\" data-element_type=\"container\" data-e-type=\"container\">\n\t\t\t\t<div class=\"elementor-element elementor-element-bb12007 elementor-widget elementor-widget-heading\" data-id=\"bb12007\" data-element_type=\"widget\" data-e-type=\"widget\" data-widget_type=\"heading.default\">\n\t\t\t\t<div class=\"elementor-widget-container\">\n\t\t\t\t\t<p class=\"elementor-heading-title elementor-size-default\">Z\u0131mparalama ve polisaj poliester re\u00e7inesi \u00fc\u00e7 bile\u015fenlidir ve sprey ile uygulan\u0131r.\nUygulama yap\u0131ld\u0131ktan sonra y\u00fczeyde bir atin tabakas\u0131 olu\u015fur ve bu tabaka z\u0131mpara ve polisaj ile giderilmelidir ve y\u00fcksek parlakl\u0131k, \u00e7izilmeye kar\u015f\u0131 dayan\u0131kl\u0131k,y\u00fcksek kal\u0131nl\u0131kla uygulanabilme \u00f6zelli\u011fine sahiptir.<\/p>\t\t\t\t<\/div>\n\t\t\t\t<\/div>\n\t\t\t\t<div class=\"elementor-element elementor-element-d8de961 elementor-widget elementor-widget-image\" data-id=\"d8de961\" data-element_type=\"widget\" data-e-type=\"widget\" data-widget_type=\"image.default\">\n\t\t\t\t<div class=\"elementor-widget-container\">\n\t\t\t\t\t\t\t\t\t\t\t\t\t\t\t<img fetchpriority=\"high\" decoding=\"async\" width=\"636\" height=\"436\" src=\"data:image\/svg+xml,%3Csvg%20xmlns%3D&#39;http%3A%2F%2Fwww.w3.org%2F2000%2Fsvg&#39;%20width=&#39;636&#39;%20height=&#39;436&#39;%20viewBox%3D&#39;0%200%20636%20436&#39;%2F%3E\" data-czlz data-src=\"https:\/\/kaharresin.com\/wp-content\/uploads\/2021\/08\/Capture.jpg\" class=\"attachment-medium_large size-medium_large wp-image-1849\" alt=\"\" data-srcset=\"https:\/\/kaharresin.com\/wp-content\/uploads\/2021\/08\/Capture.jpg 636w, https:\/\/kaharresin.com\/wp-content\/uploads\/2021\/08\/Capture-300x206.jpg 300w, https:\/\/kaharresin.com\/wp-content\/uploads\/2021\/08\/Capture-600x411.jpg 600w\" data-sizes=\"(max-width: 636px) 100vw, 636px\" \/>\t\t\t\t\t\t\t\t\t\t\t\t\t\t\t<\/div>\n\t\t\t\t<\/div>\n\t\t\t\t<\/div>\n\t\t\t\t\t<\/div>\n\t\t\t\t<\/div>\n\t\t\t\t<\/div>","protected":false},"excerpt":{"rendered":"<p>\u0631\u0632\u06cc\u0646 \u067e\u0644\u06cc \u0627\u0633\u062a\u0631 \u0633\u0646\u0628\u0627\u062f\u0647 \u0648 \u067e\u0648\u0644\u06cc\u0634\u060c \u0633\u0647 \u062c\u0632\u0626\u06cc \u0627\u0633\u062a \u0648 \u0628\u0647 &#8230; <\/p>","protected":false},"author":3,"featured_media":0,"parent":0,"menu_order":0,"comment_status":"closed","ping_status":"closed","template":"","meta":{"footnotes":""},"class_list":["post-1848","page","type-page","status-publish","hentry"],"_links":{"self":[{"href":"https:\/\/kaharresin.com\/tr\/wp-json\/wp\/v2\/pages\/1848","targetHints":{"allow":["GET"]}}],"collection":[{"href":"https:\/\/kaharresin.com\/tr\/wp-json\/wp\/v2\/pages"}],"about":[{"href":"https:\/\/kaharresin.com\/tr\/wp-json\/wp\/v2\/types\/page"}],"author":[{"embeddable":true,"href":"https:\/\/kaharresin.com\/tr\/wp-json\/wp\/v2\/users\/3"}],"replies":[{"embeddable":true,"href":"https:\/\/kaharresin.com\/tr\/wp-json\/wp\/v2\/comments?post=1848"}],"version-history":[{"count":10,"href":"https:\/\/kaharresin.com\/tr\/wp-json\/wp\/v2\/pages\/1848\/revisions"}],"predecessor-version":[{"id":2614,"href":"https:\/\/kaharresin.com\/tr\/wp-json\/wp\/v2\/pages\/1848\/revisions\/2614"}],"wp:attachment":[{"href":"https:\/\/kaharresin.com\/tr\/wp-json\/wp\/v2\/media?parent=1848"}],"curies":[{"name":"wp","href":"https:\/\/api.w.org\/{rel}","templated":true}]}}