{"id":1851,"date":"2021-08-28T08:35:42","date_gmt":"2021-08-28T08:35:42","guid":{"rendered":"https:\/\/poliresinco.com\/?page_id=1851"},"modified":"2023-08-04T15:48:13","modified_gmt":"2023-08-04T15:48:13","slug":"%d8%b1%d8%b2%db%8c%d9%86-%d9%be%d9%84%db%8c-%d8%a7%d8%b3%d8%aa%d8%b1-%d8%a7%db%8c%d8%b2%d9%88%d9%81%d8%aa%d8%a7%d9%84%db%8c%da%a9-%d8%b5%d9%86%d8%a7%db%8c%d8%b9-%d8%af%d8%b1%db%8c%d8%a7%db%8c%db%8c","status":"publish","type":"page","link":"https:\/\/kaharresin.com\/tr\/%d8%b1%d8%b2%db%8c%d9%86-%d9%be%d9%84%db%8c-%d8%a7%d8%b3%d8%aa%d8%b1-%d8%a7%db%8c%d8%b2%d9%88%d9%81%d8%aa%d8%a7%d9%84%db%8c%da%a9-%d8%b5%d9%86%d8%a7%db%8c%d8%b9-%d8%af%d8%b1%db%8c%d8%a7%db%8c%db%8c\/","title":{"rendered":"Deniz Sanayilerinin izoftalik atin re\u00e7inesi"},"content":{"rendered":"<div data-elementor-type=\"wp-page\" data-elementor-id=\"1851\" class=\"elementor elementor-1851\" data-elementor-post-type=\"page\">\n\t\t\t\t<div class=\"elementor-element elementor-element-2c7b3f8 e-flex e-con-boxed e-con e-parent\" data-id=\"2c7b3f8\" data-element_type=\"container\" data-e-type=\"container\">\n\t\t\t\t\t<div class=\"e-con-inner\">\n\t\t<div class=\"elementor-element elementor-element-6c42f51 e-con-full e-flex e-con e-child\" data-id=\"6c42f51\" data-element_type=\"container\" data-e-type=\"container\">\n\t\t\t\t<div class=\"elementor-element elementor-element-a7aa114 elementor-widget elementor-widget-heading\" data-id=\"a7aa114\" data-element_type=\"widget\" data-e-type=\"widget\" data-widget_type=\"heading.default\">\n\t\t\t\t<div class=\"elementor-widget-container\">\n\t\t\t\t\t<p class=\"elementor-heading-title elementor-size-default\">Ortoftalik re\u00e7ineye g\u00f6re mekanik mukavemet ve y\u00fcksek kimyasal diren\u00e7 gibi avantajlara sahip olmas\u0131ndan dolay\u0131 daha y\u00fcksek ve daha fazla m\u00fchendislik \u00f6zelli\u011fi gerektiren sanayilerde (gemi yap\u0131m sanayisi, mavna ve flotasyon, boru yap\u0131m\u0131, havac\u0131l\u0131k sanayileri vs de kullan\u0131l\u0131r.<\/p>\t\t\t\t<\/div>\n\t\t\t\t<\/div>\n\t\t\t\t<div class=\"elementor-element elementor-element-aa4cce8 elementor-widget elementor-widget-image\" data-id=\"aa4cce8\" data-element_type=\"widget\" data-e-type=\"widget\" data-widget_type=\"image.default\">\n\t\t\t\t<div class=\"elementor-widget-container\">\n\t\t\t\t\t\t\t\t\t\t\t\t\t\t\t<img fetchpriority=\"high\" decoding=\"async\" width=\"768\" height=\"512\" src=\"data:image\/svg+xml,%3Csvg%20xmlns%3D&#39;http%3A%2F%2Fwww.w3.org%2F2000%2Fsvg&#39;%20width=&#39;768&#39;%20height=&#39;512&#39;%20viewBox%3D&#39;0%200%20768%20512&#39;%2F%3E\" data-czlz data-src=\"https:\/\/kaharresin.com\/wp-content\/uploads\/2021\/08\/\u0631\u0632\u06cc\u0646-\u0642\u0627\u06cc\u0642-768x512.jpg\" class=\"attachment-medium_large size-medium_large wp-image-1853\" alt=\"\" data-srcset=\"https:\/\/kaharresin.com\/wp-content\/uploads\/2021\/08\/\u0631\u0632\u06cc\u0646-\u0642\u0627\u06cc\u0642-768x512.jpg 768w, https:\/\/kaharresin.com\/wp-content\/uploads\/2021\/08\/\u0631\u0632\u06cc\u0646-\u0642\u0627\u06cc\u0642-300x200.jpg 300w, https:\/\/kaharresin.com\/wp-content\/uploads\/2021\/08\/\u0631\u0632\u06cc\u0646-\u0642\u0627\u06cc\u0642-1024x683.jpg 1024w, https:\/\/kaharresin.com\/wp-content\/uploads\/2021\/08\/\u0631\u0632\u06cc\u0646-\u0642\u0627\u06cc\u0642-600x400.jpg 600w, https:\/\/kaharresin.com\/wp-content\/uploads\/2021\/08\/\u0631\u0632\u06cc\u0646-\u0642\u0627\u06cc\u0642.jpg 1030w\" data-sizes=\"(max-width: 768px) 100vw, 768px\" \/>\t\t\t\t\t\t\t\t\t\t\t\t\t\t\t<\/div>\n\t\t\t\t<\/div>\n\t\t\t\t<\/div>\n\t\t\t\t\t<\/div>\n\t\t\t\t<\/div>\n\t\t\t\t<\/div>","protected":false},"excerpt":{"rendered":"<p>\u0628\u0647 \u062f\u0644\u06cc\u0644 \u062f\u0627\u0634\u062a\u0646 \u0645\u0632\u0627\u06cc\u0627\u06cc\u06cc \u0627\u0632 \u062c\u0645\u0644\u0647 \u0627\u0633\u062a\u062d\u06a9\u0627\u0645 \u0645\u06a9\u0627\u0646\u06cc\u06a9\u06cc \u0648 \u0645\u0642\u0627\u0648\u0645\u062a \u0634\u06cc\u0645\u06cc\u0627\u06cc\u06cc &#8230; <\/p>","protected":false},"author":3,"featured_media":0,"parent":0,"menu_order":0,"comment_status":"closed","ping_status":"closed","template":"","meta":{"footnotes":""},"class_list":["post-1851","page","type-page","status-publish","hentry"],"_links":{"self":[{"href":"https:\/\/kaharresin.com\/tr\/wp-json\/wp\/v2\/pages\/1851","targetHints":{"allow":["GET"]}}],"collection":[{"href":"https:\/\/kaharresin.com\/tr\/wp-json\/wp\/v2\/pages"}],"about":[{"href":"https:\/\/kaharresin.com\/tr\/wp-json\/wp\/v2\/types\/page"}],"author":[{"embeddable":true,"href":"https:\/\/kaharresin.com\/tr\/wp-json\/wp\/v2\/users\/3"}],"replies":[{"embeddable":true,"href":"https:\/\/kaharresin.com\/tr\/wp-json\/wp\/v2\/comments?post=1851"}],"version-history":[{"count":7,"href":"https:\/\/kaharresin.com\/tr\/wp-json\/wp\/v2\/pages\/1851\/revisions"}],"predecessor-version":[{"id":2595,"href":"https:\/\/kaharresin.com\/tr\/wp-json\/wp\/v2\/pages\/1851\/revisions\/2595"}],"wp:attachment":[{"href":"https:\/\/kaharresin.com\/tr\/wp-json\/wp\/v2\/media?parent=1851"}],"curies":[{"name":"wp","href":"https:\/\/api.w.org\/{rel}","templated":true}]}}