{"id":1858,"date":"2021-08-28T08:49:20","date_gmt":"2021-08-28T08:49:20","guid":{"rendered":"https:\/\/poliresinco.com\/?page_id=1858"},"modified":"2023-08-04T19:28:51","modified_gmt":"2023-08-04T19:28:51","slug":"%d8%b1%d8%b2%db%8c%d9%86-%d9%be%d9%84%db%8c-%d8%a7%d8%b3%d8%aa%d8%b1-%d8%a7%db%8c%d8%b2%d9%88%d9%81%d8%aa%d8%a7%d9%84%db%8c%da%a9-%d8%b9%d8%a7%db%8c%d9%82-%d8%a7%d8%b3%d8%aa%d8%ae%d8%b1-%d9%88%d8%b9","status":"publish","type":"page","link":"https:\/\/kaharresin.com\/tr\/%d8%b1%d8%b2%db%8c%d9%86-%d9%be%d9%84%db%8c-%d8%a7%d8%b3%d8%aa%d8%b1-%d8%a7%db%8c%d8%b2%d9%88%d9%81%d8%aa%d8%a7%d9%84%db%8c%da%a9-%d8%b9%d8%a7%db%8c%d9%82-%d8%a7%d8%b3%d8%aa%d8%ae%d8%b1-%d9%88%d8%b9\/","title":{"rendered":"\u0631\u0632\u06cc\u0646 \u067e\u0644\u06cc \u0627\u0633\u062a\u0631 \u0627\u06cc\u0632\u0648\u0641\u062a\u0627\u0644\u06cc\u06a9 \u0639\u0627\u06cc\u0642 \u0627\u0633\u062a\u062e\u0631 \u0648\u0639\u0627\u06cc\u0642 \u06a9\u0627\u0631\u06cc FRB"},"content":{"rendered":"<div data-elementor-type=\"wp-page\" data-elementor-id=\"1858\" class=\"elementor elementor-1858\" data-elementor-post-type=\"page\">\n\t\t\t\t<div class=\"elementor-element elementor-element-da973e4 e-flex e-con-boxed e-con e-parent\" data-id=\"da973e4\" data-element_type=\"container\" data-e-type=\"container\">\n\t\t\t\t\t<div class=\"e-con-inner\">\n\t\t<div class=\"elementor-element elementor-element-482232e e-con-full e-flex e-con e-child\" data-id=\"482232e\" data-element_type=\"container\" data-e-type=\"container\">\n\t\t\t\t<div class=\"elementor-element elementor-element-87b35c2 elementor-widget elementor-widget-heading\" data-id=\"87b35c2\" data-element_type=\"widget\" data-e-type=\"widget\" data-widget_type=\"heading.default\">\n\t\t\t\t<div class=\"elementor-widget-container\">\n\t\t\t\t\t<p class=\"elementor-heading-title elementor-size-default\">Tuvaletler, banyolar, y\u00fczme havuzlar\u0131 ve nem s\u0131z\u0131nt\u0131s\u0131n\u0131n \u00f6nlenmesi gereken di\u011fer kullan\u0131mlar\u0131n izolasyonu ve son olarak fayans veya seramikle kaplanan izolasyonun \u00fcst\u00fcnde kullan\u0131labilir.\nTemel olarak, iyi bir su yal\u0131t\u0131m\u0131n\u0131n, nihai sonucun uygun ve istenildi\u011fi gibi olmas\u0131 i\u00e7in do\u011fru bir \u015fekilde uygulanmas\u0131 gerekmektedir.<\/p>\t\t\t\t<\/div>\n\t\t\t\t<\/div>\n\t\t\t\t<div class=\"elementor-element elementor-element-5d15392 elementor-widget elementor-widget-image\" data-id=\"5d15392\" data-element_type=\"widget\" data-e-type=\"widget\" data-widget_type=\"image.default\">\n\t\t\t\t<div class=\"elementor-widget-container\">\n\t\t\t\t\t\t\t\t\t\t\t\t\t\t\t<img decoding=\"async\" src=\"data:image\/svg+xml,%3Csvg%20xmlns%3D&#39;http%3A%2F%2Fwww.w3.org%2F2000%2Fsvg&#39;%20width=&#39;_w_&#39;%20height=&#39;_h_&#39;%20viewBox%3D&#39;0%200%20_w_%20_h_&#39;%2F%3E\" data-czlz data-src=\"https:\/\/kaharresin.com\/wp-content\/uploads\/elementor\/thumbs\/WhatsApp-Image-2021-07-02-at-01.03.57-patqd7ls1z7izsjhkuc7m1scxbc1844wsn8ggebn2i.jpeg\" title=\"WhatsApp Image 2021-07-02 at 01.03.57\" alt=\"WhatsApp Image 2021-07-02 at 01.03.57\" loading=\"lazy\" \/>\t\t\t\t\t\t\t\t\t\t\t\t\t\t\t<\/div>\n\t\t\t\t<\/div>\n\t\t\t\t<\/div>\n\t\t\t\t\t<\/div>\n\t\t\t\t<\/div>\n\t\t\t\t<\/div>","protected":false},"excerpt":{"rendered":"<p>\u0628\u0631\u0627\u06cc \u0622\u0628 \u0628\u0646\u062f \u06a9\u0631\u062f\u0646 \u0633\u0631\u0648\u06cc\u0633 \u0647\u0627\u06cc \u0628\u0647\u062f\u0627\u0634\u062a\u06cc\u060c \u062d\u0645\u0627\u0645\u060c \u0627\u0633\u062a\u062e\u0631 \u0648 \u0647\u0631\u06af\u0648\u0646\u0647 &#8230; <\/p>","protected":false},"author":3,"featured_media":0,"parent":0,"menu_order":0,"comment_status":"closed","ping_status":"closed","template":"","meta":{"footnotes":""},"class_list":["post-1858","page","type-page","status-publish","hentry"],"_links":{"self":[{"href":"https:\/\/kaharresin.com\/tr\/wp-json\/wp\/v2\/pages\/1858","targetHints":{"allow":["GET"]}}],"collection":[{"href":"https:\/\/kaharresin.com\/tr\/wp-json\/wp\/v2\/pages"}],"about":[{"href":"https:\/\/kaharresin.com\/tr\/wp-json\/wp\/v2\/types\/page"}],"author":[{"embeddable":true,"href":"https:\/\/kaharresin.com\/tr\/wp-json\/wp\/v2\/users\/3"}],"replies":[{"embeddable":true,"href":"https:\/\/kaharresin.com\/tr\/wp-json\/wp\/v2\/comments?post=1858"}],"version-history":[{"count":7,"href":"https:\/\/kaharresin.com\/tr\/wp-json\/wp\/v2\/pages\/1858\/revisions"}],"predecessor-version":[{"id":2621,"href":"https:\/\/kaharresin.com\/tr\/wp-json\/wp\/v2\/pages\/1858\/revisions\/2621"}],"wp:attachment":[{"href":"https:\/\/kaharresin.com\/tr\/wp-json\/wp\/v2\/media?parent=1858"}],"curies":[{"name":"wp","href":"https:\/\/api.w.org\/{rel}","templated":true}]}}