{"id":1861,"date":"2021-08-28T08:53:11","date_gmt":"2021-08-28T08:53:11","guid":{"rendered":"https:\/\/poliresinco.com\/?page_id=1861"},"modified":"2023-08-04T19:34:40","modified_gmt":"2023-08-04T19:34:40","slug":"%d8%b1%d8%b2%db%8c%d9%86-%d9%be%d9%84%db%8c-%d8%a7%d8%b3%d8%aa%d8%b1-%d8%a7%d9%88%d8%b1%d8%aa%d9%88%d9%81%d8%aa%d8%a7%d9%84%db%8c%da%a9-%d9%81%d8%a7%db%8c%d8%a8%d8%b1%da%af%d9%84%d8%a7%d8%b3-%d9%88","status":"publish","type":"page","link":"https:\/\/kaharresin.com\/tr\/%d8%b1%d8%b2%db%8c%d9%86-%d9%be%d9%84%db%8c-%d8%a7%d8%b3%d8%aa%d8%b1-%d8%a7%d9%88%d8%b1%d8%aa%d9%88%d9%81%d8%aa%d8%a7%d9%84%db%8c%da%a9-%d9%81%d8%a7%db%8c%d8%a8%d8%b1%da%af%d9%84%d8%a7%d8%b3-%d9%88\/","title":{"rendered":"Fiberglas ve kompozit ortoftalik poliester re\u00e7ine"},"content":{"rendered":"<div data-elementor-type=\"wp-page\" data-elementor-id=\"1861\" class=\"elementor elementor-1861\" data-elementor-post-type=\"page\">\n\t\t\t\t<div class=\"elementor-element elementor-element-398b559 e-flex e-con-boxed e-con e-parent\" data-id=\"398b559\" data-element_type=\"container\" data-e-type=\"container\">\n\t\t\t\t\t<div class=\"e-con-inner\">\n\t\t<div class=\"elementor-element elementor-element-2609f9c e-con-full e-flex e-con e-child\" data-id=\"2609f9c\" data-element_type=\"container\" data-e-type=\"container\">\n\t\t\t\t<div class=\"elementor-element elementor-element-f17285d elementor-widget elementor-widget-heading\" data-id=\"f17285d\" data-element_type=\"widget\" data-e-type=\"widget\" data-widget_type=\"heading.default\">\n\t\t\t\t<div class=\"elementor-widget-container\">\n\t\t\t\t\t<p class=\"elementor-heading-title elementor-size-default\">Ortoftalik re\u00e7ine genel olarak en yayg\u0131n kullan\u0131lan poliesterdir.\nBu t\u00fcr re\u00e7ine, kompozit porselen tabakas\u0131, fiberglas, tekne ve k\u00fcvet yap\u0131m\u0131nda, deniz sanayileri, \u00e7e\u015fitli borular ve yapay ta\u015f sanayilerinde  kullan\u0131lmaktad\u0131r.<\/p>\t\t\t\t<\/div>\n\t\t\t\t<\/div>\n\t\t\t\t<div class=\"elementor-element elementor-element-07f123a elementor-widget elementor-widget-image\" data-id=\"07f123a\" data-element_type=\"widget\" data-e-type=\"widget\" data-widget_type=\"image.default\">\n\t\t\t\t<div class=\"elementor-widget-container\">\n\t\t\t\t\t\t\t\t\t\t\t\t\t\t\t<img decoding=\"async\" src=\"data:image\/svg+xml,%3Csvg%20xmlns%3D&#39;http%3A%2F%2Fwww.w3.org%2F2000%2Fsvg&#39;%20width=&#39;_w_&#39;%20height=&#39;_h_&#39;%20viewBox%3D&#39;0%200%20_w_%20_h_&#39;%2F%3E\" data-czlz data-src=\"https:\/\/kaharresin.com\/wp-content\/uploads\/elementor\/thumbs\/WhatsApp-Image-2021-06-30-at-13.51.49-patqd7ls1z7izsjhkuc7m1scxbc1844wsn8ggebmow.jpeg\" title=\"WhatsApp Image 2021-06-30 at 13.51.49\" alt=\"WhatsApp Image 2021-06-30 at 13.51.49\" loading=\"lazy\" \/>\t\t\t\t\t\t\t\t\t\t\t\t\t\t\t<\/div>\n\t\t\t\t<\/div>\n\t\t\t\t<\/div>\n\t\t\t\t\t<\/div>\n\t\t\t\t<\/div>\n\t\t\t\t<\/div>","protected":false},"excerpt":{"rendered":"<p>\u0631\u0632\u06cc\u0646 \u0627\u0648\u0631\u062a\u0648\u0641\u062a\u0627\u0644\u06cc\u06a9 \u0628\u0647 \u0639\u0646\u0648\u0627\u0646 \u0645\u062a\u062f\u0627\u0648\u0644 \u062a\u0631\u06cc\u0646 \u067e\u0644\u06cc \u0627\u0633\u062a\u0631 \u0628\u0648\u062f\u0647 \u06a9\u0647 \u0628\u0647 &#8230; <\/p>","protected":false},"author":3,"featured_media":0,"parent":0,"menu_order":0,"comment_status":"closed","ping_status":"closed","template":"","meta":{"footnotes":""},"class_list":["post-1861","page","type-page","status-publish","hentry"],"_links":{"self":[{"href":"https:\/\/kaharresin.com\/tr\/wp-json\/wp\/v2\/pages\/1861","targetHints":{"allow":["GET"]}}],"collection":[{"href":"https:\/\/kaharresin.com\/tr\/wp-json\/wp\/v2\/pages"}],"about":[{"href":"https:\/\/kaharresin.com\/tr\/wp-json\/wp\/v2\/types\/page"}],"author":[{"embeddable":true,"href":"https:\/\/kaharresin.com\/tr\/wp-json\/wp\/v2\/users\/3"}],"replies":[{"embeddable":true,"href":"https:\/\/kaharresin.com\/tr\/wp-json\/wp\/v2\/comments?post=1861"}],"version-history":[{"count":12,"href":"https:\/\/kaharresin.com\/tr\/wp-json\/wp\/v2\/pages\/1861\/revisions"}],"predecessor-version":[{"id":2627,"href":"https:\/\/kaharresin.com\/tr\/wp-json\/wp\/v2\/pages\/1861\/revisions\/2627"}],"wp:attachment":[{"href":"https:\/\/kaharresin.com\/tr\/wp-json\/wp\/v2\/media?parent=1861"}],"curies":[{"name":"wp","href":"https:\/\/api.w.org\/{rel}","templated":true}]}}