{"id":1864,"date":"2021-08-28T09:50:15","date_gmt":"2021-08-28T09:50:15","guid":{"rendered":"https:\/\/poliresinco.com\/?page_id=1864"},"modified":"2023-08-04T19:46:41","modified_gmt":"2023-08-04T19:46:41","slug":"%d8%b1%d8%b2%db%8c%d9%86-%d9%be%d9%84%db%8c-%d8%a7%d8%b3%d8%aa%d8%b1-%d8%a7%db%8c%d8%b2%d9%88%d9%81%d8%aa%d8%a7%d9%84%db%8c%da%a9-%d8%a7%d8%b3%d8%aa%d8%ae%d8%b1%d9%be%db%8c%d8%b4-%d8%b3%d8%a7%d8%ae","status":"publish","type":"page","link":"https:\/\/kaharresin.com\/tr\/%d8%b1%d8%b2%db%8c%d9%86-%d9%be%d9%84%db%8c-%d8%a7%d8%b3%d8%aa%d8%b1-%d8%a7%db%8c%d8%b2%d9%88%d9%81%d8%aa%d8%a7%d9%84%db%8c%da%a9-%d8%a7%d8%b3%d8%aa%d8%ae%d8%b1%d9%be%db%8c%d8%b4-%d8%b3%d8%a7%d8%ae\/","title":{"rendered":"Fiberglas prefabrik havuz i\u00e7in \u0130zoftalik poliester re\u00e7ine"},"content":{"rendered":"<div data-elementor-type=\"wp-page\" data-elementor-id=\"1864\" class=\"elementor elementor-1864\" data-elementor-post-type=\"page\">\n\t\t\t\t<div class=\"elementor-element elementor-element-5f05588 e-flex e-con-boxed e-con e-parent\" data-id=\"5f05588\" data-element_type=\"container\" data-e-type=\"container\">\n\t\t\t\t\t<div class=\"e-con-inner\">\n\t\t\t\t<div class=\"elementor-element elementor-element-2917b95 elementor-widget elementor-widget-heading\" data-id=\"2917b95\" data-element_type=\"widget\" data-e-type=\"widget\" data-widget_type=\"heading.default\">\n\t\t\t\t<div class=\"elementor-widget-container\">\n\t\t\t\t\t<p class=\"elementor-heading-title elementor-size-default\">\u0130zoftalik re\u00e7ine, hava ko\u015fullar\u0131na kar\u015f\u0131 uygun mukavemet,\u00e7e\u015fitli solventlere kar\u015f\u0131 uygun diren\u00e7 ,fiberglas kompozit par\u00e7alar\u0131n \u00fcretimi i\u00e7in uygun fiyat ve ola\u011fan\u00fcst\u00fc mekanik \u00f6zellikler ve kimyasal diren\u00e7 gibi avantajlara sahip olmas\u0131 nedeniyle fiberglas prefabrik havuzlar ve s\u0131cak b\u00f6lgelerde kullan\u0131lan teknelerde kullan\u0131lmaktad\u0131r.<\/p>\t\t\t\t<\/div>\n\t\t\t\t<\/div>\n\t\t\t\t<div class=\"elementor-element elementor-element-9d5e6fb elementor-widget elementor-widget-image\" data-id=\"9d5e6fb\" data-element_type=\"widget\" data-e-type=\"widget\" data-widget_type=\"image.default\">\n\t\t\t\t<div class=\"elementor-widget-container\">\n\t\t\t\t\t\t\t\t\t\t\t\t\t\t\t<img fetchpriority=\"high\" decoding=\"async\" width=\"768\" height=\"575\" src=\"data:image\/svg+xml,%3Csvg%20xmlns%3D&#39;http%3A%2F%2Fwww.w3.org%2F2000%2Fsvg&#39;%20width=&#39;768&#39;%20height=&#39;575&#39;%20viewBox%3D&#39;0%200%20768%20575&#39;%2F%3E\" data-czlz data-src=\"https:\/\/kaharresin.com\/wp-content\/uploads\/2021\/07\/WhatsApp-Image-2021-07-02-at-01.03.57-768x575.jpeg\" class=\"attachment-medium_large size-medium_large wp-image-1736\" alt=\"\" data-srcset=\"https:\/\/kaharresin.com\/wp-content\/uploads\/2021\/07\/WhatsApp-Image-2021-07-02-at-01.03.57-768x575.jpeg 768w, https:\/\/kaharresin.com\/wp-content\/uploads\/2021\/07\/WhatsApp-Image-2021-07-02-at-01.03.57-300x225.jpeg 300w, https:\/\/kaharresin.com\/wp-content\/uploads\/2021\/07\/WhatsApp-Image-2021-07-02-at-01.03.57-1024x767.jpeg 1024w, https:\/\/kaharresin.com\/wp-content\/uploads\/2021\/07\/WhatsApp-Image-2021-07-02-at-01.03.57-600x449.jpeg 600w, https:\/\/kaharresin.com\/wp-content\/uploads\/2021\/07\/WhatsApp-Image-2021-07-02-at-01.03.57.jpeg 1080w\" data-sizes=\"(max-width: 768px) 100vw, 768px\" \/>\t\t\t\t\t\t\t\t\t\t\t\t\t\t\t<\/div>\n\t\t\t\t<\/div>\n\t\t\t\t\t<\/div>\n\t\t\t\t<\/div>\n\t\t\t\t<\/div>","protected":false},"excerpt":{"rendered":"<p>\u0631\u0632\u06cc\u0646 \u0627\u06cc\u0632\u0648\u0641\u062a\u0627\u0644\u06cc\u06a9 \u0628\u0647 \u0639\u0644\u062a \u062f\u0627\u0634\u062a\u0646 \u0645\u0632\u0627\u06cc\u0627\u06cc\u06cc \u0627\u0632 \u062c\u0645\u0644\u0647 \u0645\u0642\u0627\u0648\u0645\u062a \u0645\u0646\u0627\u0633\u0628 \u062f\u0631 &#8230; <\/p>","protected":false},"author":3,"featured_media":0,"parent":0,"menu_order":0,"comment_status":"closed","ping_status":"closed","template":"","meta":{"footnotes":""},"class_list":["post-1864","page","type-page","status-publish","hentry"],"_links":{"self":[{"href":"https:\/\/kaharresin.com\/tr\/wp-json\/wp\/v2\/pages\/1864","targetHints":{"allow":["GET"]}}],"collection":[{"href":"https:\/\/kaharresin.com\/tr\/wp-json\/wp\/v2\/pages"}],"about":[{"href":"https:\/\/kaharresin.com\/tr\/wp-json\/wp\/v2\/types\/page"}],"author":[{"embeddable":true,"href":"https:\/\/kaharresin.com\/tr\/wp-json\/wp\/v2\/users\/3"}],"replies":[{"embeddable":true,"href":"https:\/\/kaharresin.com\/tr\/wp-json\/wp\/v2\/comments?post=1864"}],"version-history":[{"count":7,"href":"https:\/\/kaharresin.com\/tr\/wp-json\/wp\/v2\/pages\/1864\/revisions"}],"predecessor-version":[{"id":2630,"href":"https:\/\/kaharresin.com\/tr\/wp-json\/wp\/v2\/pages\/1864\/revisions\/2630"}],"wp:attachment":[{"href":"https:\/\/kaharresin.com\/tr\/wp-json\/wp\/v2\/media?parent=1864"}],"curies":[{"name":"wp","href":"https:\/\/api.w.org\/{rel}","templated":true}]}}