{"id":1866,"date":"2021-08-28T09:53:53","date_gmt":"2021-08-28T09:53:53","guid":{"rendered":"https:\/\/poliresinco.com\/?page_id=1866"},"modified":"2023-08-04T19:52:11","modified_gmt":"2023-08-04T19:52:11","slug":"%da%98%d9%84%da%a9%d9%88%d8%aa","status":"publish","type":"page","link":"https:\/\/kaharresin.com\/tr\/%da%98%d9%84%da%a9%d9%88%d8%aa\/","title":{"rendered":"Jelkot"},"content":{"rendered":"<div data-elementor-type=\"wp-page\" data-elementor-id=\"1866\" class=\"elementor elementor-1866\" data-elementor-post-type=\"page\">\n\t\t\t\t<div class=\"elementor-element elementor-element-49db12a e-flex e-con-boxed e-con e-parent\" data-id=\"49db12a\" data-element_type=\"container\" data-e-type=\"container\">\n\t\t\t\t\t<div class=\"e-con-inner\">\n\t\t\t\t<div class=\"elementor-element elementor-element-2cec40c elementor-widget elementor-widget-heading\" data-id=\"2cec40c\" data-element_type=\"widget\" data-e-type=\"widget\" data-widget_type=\"heading.default\">\n\t\t\t\t<div class=\"elementor-widget-container\">\n\t\t\t\t\t<p class=\"elementor-heading-title elementor-size-default\">Bushehr Kimyasal  Sanayiler \u015firketi (Kahar markas\u0131) m\u00fc\u015fterinin istedi\u011fi \u00f6zelliklere g\u00f6re \u00e7e\u015fitli jelkotlar\u0131 \u00fcretmektedir ve bu jelkotlar m\u00fc\u015fterinin ihtiyac\u0131na g\u00f6re renkli ve renksiz, p\u00fcsk\u00fcrt\u00fclebilir ve manuel olarak sunulmaktad\u0131r.<\/p>\t\t\t\t<\/div>\n\t\t\t\t<\/div>\n\t\t\t\t<div class=\"elementor-element elementor-element-7fde640 elementor-widget elementor-widget-text-editor\" data-id=\"7fde640\" data-element_type=\"widget\" data-e-type=\"widget\" data-widget_type=\"text-editor.default\">\n\t\t\t\t<div class=\"elementor-widget-container\">\n\t\t\t\t\t\t\t\t\t<p>\u00a0<\/p><p style=\"text-align: center;\"><img fetchpriority=\"high\" decoding=\"async\" class=\"size-medium wp-image-1770 aligncenter\" src=\"data:image\/svg+xml,%3Csvg%20xmlns%3D&#39;http%3A%2F%2Fwww.w3.org%2F2000%2Fsvg&#39;%20width=&#39;300&#39;%20height=&#39;220&#39;%20viewBox%3D&#39;0%200%20300%20220&#39;%2F%3E\" data-czlz data-src=\"https:\/\/kaharresin.com\/wp-content\/uploads\/2021\/07\/12-300x220.jpeg\" alt=\"\" width=\"300\" height=\"220\" \/><\/p>\t\t\t\t\t\t\t\t<\/div>\n\t\t\t\t<\/div>\n\t\t\t\t\t<\/div>\n\t\t\t\t<\/div>\n\t\t\t\t<\/div>","protected":false},"excerpt":{"rendered":"<p>\u0634\u0631\u06a9\u062a \u0635\u0646\u0627\u06cc\u0639 \u0634\u06cc\u0645\u06cc\u0627\u06cc\u06cc \u0628\u0648\u0634\u0647\u0631 (\u0628\u0631\u0646\u062f \u06a9\u0647\u0631) \u062a\u0648\u0644\u06cc\u062f\u06a9\u0646\u0646\u062f\u0647 \u0627\u0646\u0648\u0627\u0639 \u0698\u0644\u06a9\u0648\u062a \u0628\u0627\u062a\u0648\u062c\u0647 \u0628\u0647 &#8230; <\/p>","protected":false},"author":3,"featured_media":0,"parent":0,"menu_order":0,"comment_status":"closed","ping_status":"closed","template":"","meta":{"footnotes":""},"class_list":["post-1866","page","type-page","status-publish","hentry"],"_links":{"self":[{"href":"https:\/\/kaharresin.com\/tr\/wp-json\/wp\/v2\/pages\/1866","targetHints":{"allow":["GET"]}}],"collection":[{"href":"https:\/\/kaharresin.com\/tr\/wp-json\/wp\/v2\/pages"}],"about":[{"href":"https:\/\/kaharresin.com\/tr\/wp-json\/wp\/v2\/types\/page"}],"author":[{"embeddable":true,"href":"https:\/\/kaharresin.com\/tr\/wp-json\/wp\/v2\/users\/3"}],"replies":[{"embeddable":true,"href":"https:\/\/kaharresin.com\/tr\/wp-json\/wp\/v2\/comments?post=1866"}],"version-history":[{"count":8,"href":"https:\/\/kaharresin.com\/tr\/wp-json\/wp\/v2\/pages\/1866\/revisions"}],"predecessor-version":[{"id":2634,"href":"https:\/\/kaharresin.com\/tr\/wp-json\/wp\/v2\/pages\/1866\/revisions\/2634"}],"wp:attachment":[{"href":"https:\/\/kaharresin.com\/tr\/wp-json\/wp\/v2\/media?parent=1866"}],"curies":[{"name":"wp","href":"https:\/\/api.w.org\/{rel}","templated":true}]}}